{"id":2096,"date":"2024-07-08T11:43:24","date_gmt":"2024-07-08T11:43:24","guid":{"rendered":"https:\/\/preprod.origin-creative.fr\/?post_type=product&#038;p=2096"},"modified":"2025-08-28T12:56:16","modified_gmt":"2025-08-28T12:56:16","slug":"bordure-n22-10-cm","status":"publish","type":"product","link":"https:\/\/ateliers-nectoux.fr\/en\/product\/bordure-n22-10-cm","title":{"rendered":"EDGE PROFILE N.22 (10 CM)"},"content":{"rendered":"<p class=\"translation-block\">Mystery surrounds this edge profile. Odds that make history wanted us to acquire this <strong>mold<\/strong> when it was supposed to be thrown away by a <strong>countertop maker<\/strong>, which is no longer in business. Unlike our other edge profiles (post 1930) we did not design it.<\/p>\n<p class=\"translation-block\">Meant to allude to the cogs of industrial machineries, this edge profile has met success exclusively in <strong>bistros<\/strong> close to production sites: the Point-du-Jour district in Boulogne-Billancourt, in Pantin and in the Parisian mechanic's workshops along the Richard Lenoir boulevard. A number of those caf\u00e9s closed during the 1980s, a period that deeply changed these districts.<\/p>\n<p class=\"translation-block\">The <a href=\"https:\/\/ateliers-nectoux.fr\/en\/produit\/comptoir-n81\" target=\"_blank\" rel=\"noopener\">countertop n.81<\/a> was refurbished with this edge profile.<\/p>","protected":false},"excerpt":{"rendered":"<p>L\u2019histoire de cette bordure est myst\u00e9rieuse. Les hasards de l\u2019histoire ont fait que nous avons achet\u00e9 ce\u00a0moule\u00a0alors qu\u2019il \u00e9tait destin\u00e9 [&hellip;]<\/p>\n","protected":false},"featured_media":6143,"template":"","meta":{"_acf_changed":false,"site-sidebar-layout":"default","site-content-layout":"","ast-site-content-layout":"default","site-content-style":"default","site-sidebar-style":"default","ast-global-header-display":"","ast-banner-title-visibility":"","ast-main-header-display":"","ast-hfb-above-header-display":"","ast-hfb-below-header-display":"","ast-hfb-mobile-header-display":"","site-post-title":"","ast-breadcrumbs-content":"","ast-featured-img":"","footer-sml-layout":"","ast-disable-related-posts":"","theme-transparent-header-meta":"default","adv-header-id-meta":"","stick-header-meta":"","header-above-stick-meta":"","header-main-stick-meta":"","header-below-stick-meta":"","astra-migrate-meta-layouts":"set","ast-page-background-enabled":"default","ast-page-background-meta":{"desktop":{"background-color":"var(--ast-global-color-4)","background-image":"","background-repeat":"repeat","background-position":"center center","background-size":"auto","background-attachment":"scroll","background-type":"","background-media":"","overlay-type":"","overlay-color":"","overlay-opacity":"","overlay-gradient":""},"tablet":{"background-color":"","background-image":"","background-repeat":"repeat","background-position":"center center","background-size":"auto","background-attachment":"scroll","background-type":"","background-media":"","overlay-type":"","overlay-color":"","overlay-opacity":"","overlay-gradient":""},"mobile":{"background-color":"","background-image":"","background-repeat":"repeat","background-position":"center center","background-size":"auto","background-attachment":"scroll","background-type":"","background-media":"","overlay-type":"","overlay-color":"","overlay-opacity":"","overlay-gradient":""}},"ast-content-background-meta":{"desktop":{"background-color":"var(--ast-global-color-5)","background-image":"","background-repeat":"repeat","background-position":"center center","background-size":"auto","background-attachment":"scroll","background-type":"","background-media":"","overlay-type":"","overlay-color":"","overlay-opacity":"","overlay-gradient":""},"tablet":{"background-color":"var(--ast-global-color-5)","background-image":"","background-repeat":"repeat","background-position":"center center","background-size":"auto","background-attachment":"scroll","background-type":"","background-media":"","overlay-type":"","overlay-color":"","overlay-opacity":"","overlay-gradient":""},"mobile":{"background-color":"var(--ast-global-color-5)","background-image":"","background-repeat":"repeat","background-position":"center center","background-size":"auto","background-attachment":"scroll","background-type":"","background-media":"","overlay-type":"","overlay-color":"","overlay-opacity":"","overlay-gradient":""}}},"product_brand":[],"product_cat":[29],"product_tag":[],"class_list":{"0":"post-2096","1":"product","2":"type-product","3":"status-publish","4":"has-post-thumbnail","6":"product_cat-bordures-style-1900-1930","7":"desktop-align-left","8":"tablet-align-left","9":"mobile-align-left","11":"first","12":"instock","13":"shipping-taxable","14":"product-type-simple"},"acf":[],"yoast_head":"<!-- This site is optimized with the Yoast SEO plugin v27.3 - https:\/\/yoast.com\/product\/yoast-seo-wordpress\/ -->\n<title>Bordure N\u00b022 (10 cm)<\/title>\n<meta name=\"description\" content=\"Les Ateliers Nectoux est un fabricant de comptoir de luxe mettant en lumi\u00e8re l&#039;esprit Bistronomie gr\u00e2ce aux cabochons de cette bordure en \u00e9tain N\u00b08\" \/>\n<meta name=\"robots\" content=\"index, follow, max-snippet:-1, max-image-preview:large, max-video-preview:-1\" \/>\n<link rel=\"canonical\" href=\"https:\/\/ateliers-nectoux.fr\/en\/product\/bordure-n22-10-cm\/\" \/>\n<meta property=\"og:locale\" content=\"en_US\" \/>\n<meta property=\"og:type\" content=\"article\" \/>\n<meta property=\"og:title\" content=\"Bordure N\u00b022 (10 cm)\" \/>\n<meta property=\"og:description\" content=\"Les Ateliers Nectoux est un fabricant de comptoir de luxe mettant en lumi\u00e8re l&#039;esprit Bistronomie gr\u00e2ce aux cabochons de cette bordure en \u00e9tain N\u00b08\" \/>\n<meta property=\"og:url\" content=\"https:\/\/ateliers-nectoux.fr\/en\/product\/bordure-n22-10-cm\/\" \/>\n<meta property=\"og:site_name\" content=\"Ateliers Nectoux\" \/>\n<meta property=\"article:publisher\" content=\"https:\/\/www.facebook.com\/ateliersnectoux\/\" \/>\n<meta property=\"article:modified_time\" content=\"2025-08-28T12:56:16+00:00\" \/>\n<meta property=\"og:image\" content=\"https:\/\/ateliers-nectoux.fr\/wp-content\/uploads\/2024\/04\/Bordure-22-Perspective.png\" \/>\n\t<meta property=\"og:image:width\" content=\"1920\" \/>\n\t<meta property=\"og:image:height\" content=\"1080\" \/>\n\t<meta property=\"og:image:type\" content=\"image\/png\" \/>\n<meta name=\"twitter:card\" content=\"summary_large_image\" \/>\n<meta name=\"twitter:label1\" content=\"Est. reading time\" \/>\n\t<meta name=\"twitter:data1\" content=\"1 minute\" \/>\n<script type=\"application\/ld+json\" class=\"yoast-schema-graph\">{\"@context\":\"https:\\\/\\\/schema.org\",\"@graph\":[{\"@type\":\"WebPage\",\"@id\":\"https:\\\/\\\/ateliers-nectoux.fr\\\/produit\\\/bordure-n22-10-cm\",\"url\":\"https:\\\/\\\/ateliers-nectoux.fr\\\/produit\\\/bordure-n22-10-cm\",\"name\":\"Bordure N\u00b022 (10 cm)\",\"isPartOf\":{\"@id\":\"https:\\\/\\\/ateliers-nectoux.fr\\\/#website\"},\"primaryImageOfPage\":{\"@id\":\"https:\\\/\\\/ateliers-nectoux.fr\\\/produit\\\/bordure-n22-10-cm#primaryimage\"},\"image\":{\"@id\":\"https:\\\/\\\/ateliers-nectoux.fr\\\/produit\\\/bordure-n22-10-cm#primaryimage\"},\"thumbnailUrl\":\"https:\\\/\\\/ateliers-nectoux.fr\\\/wp-content\\\/uploads\\\/2024\\\/04\\\/Bordure-22-Perspective.png\",\"datePublished\":\"2024-07-08T11:43:24+00:00\",\"dateModified\":\"2025-08-28T12:56:16+00:00\",\"description\":\"Les Ateliers Nectoux est un fabricant de comptoir de luxe mettant en lumi\u00e8re l'esprit Bistronomie gr\u00e2ce aux cabochons de cette bordure en \u00e9tain N\u00b08\",\"breadcrumb\":{\"@id\":\"https:\\\/\\\/ateliers-nectoux.fr\\\/produit\\\/bordure-n22-10-cm#breadcrumb\"},\"inLanguage\":\"en-US\",\"potentialAction\":[{\"@type\":\"ReadAction\",\"target\":[\"https:\\\/\\\/ateliers-nectoux.fr\\\/produit\\\/bordure-n22-10-cm\"]}]},{\"@type\":\"ImageObject\",\"inLanguage\":\"en-US\",\"@id\":\"https:\\\/\\\/ateliers-nectoux.fr\\\/produit\\\/bordure-n22-10-cm#primaryimage\",\"url\":\"https:\\\/\\\/ateliers-nectoux.fr\\\/wp-content\\\/uploads\\\/2024\\\/04\\\/Bordure-22-Perspective.png\",\"contentUrl\":\"https:\\\/\\\/ateliers-nectoux.fr\\\/wp-content\\\/uploads\\\/2024\\\/04\\\/Bordure-22-Perspective.png\",\"width\":1920,\"height\":1080,\"caption\":\"une bordure pour un mobilier design en \u00e9tain\"},{\"@type\":\"BreadcrumbList\",\"@id\":\"https:\\\/\\\/ateliers-nectoux.fr\\\/produit\\\/bordure-n22-10-cm#breadcrumb\",\"itemListElement\":[{\"@type\":\"ListItem\",\"position\":1,\"name\":\"Accueil\",\"item\":\"https:\\\/\\\/ateliers-nectoux.fr\\\/\"},{\"@type\":\"ListItem\",\"position\":2,\"name\":\"boutique\",\"item\":\"https:\\\/\\\/ateliers-nectoux.fr\\\/les-ateliers-nectoux-boutique\"},{\"@type\":\"ListItem\",\"position\":3,\"name\":\"Bordure N\u00b022 (10 cm)\"}]},{\"@type\":\"WebSite\",\"@id\":\"https:\\\/\\\/ateliers-nectoux.fr\\\/#website\",\"url\":\"https:\\\/\\\/ateliers-nectoux.fr\\\/\",\"name\":\"Ateliers Nectoux\",\"description\":\"Comptoirs et bordures en \u00e9tain\",\"publisher\":{\"@id\":\"https:\\\/\\\/ateliers-nectoux.fr\\\/#organization\"},\"potentialAction\":[{\"@type\":\"SearchAction\",\"target\":{\"@type\":\"EntryPoint\",\"urlTemplate\":\"https:\\\/\\\/ateliers-nectoux.fr\\\/?s={search_term_string}\"},\"query-input\":{\"@type\":\"PropertyValueSpecification\",\"valueRequired\":true,\"valueName\":\"search_term_string\"}}],\"inLanguage\":\"en-US\"},{\"@type\":\"Organization\",\"@id\":\"https:\\\/\\\/ateliers-nectoux.fr\\\/#organization\",\"name\":\"Ateliers Nectoux\",\"url\":\"https:\\\/\\\/ateliers-nectoux.fr\\\/\",\"logo\":{\"@type\":\"ImageObject\",\"inLanguage\":\"en-US\",\"@id\":\"https:\\\/\\\/ateliers-nectoux.fr\\\/#\\\/schema\\\/logo\\\/image\\\/\",\"url\":\"https:\\\/\\\/ateliers-nectoux.fr\\\/wp-content\\\/uploads\\\/2024\\\/03\\\/Fichier-1@3x.png\",\"contentUrl\":\"https:\\\/\\\/ateliers-nectoux.fr\\\/wp-content\\\/uploads\\\/2024\\\/03\\\/Fichier-1@3x.png\",\"width\":1866,\"height\":377,\"caption\":\"Ateliers Nectoux\"},\"image\":{\"@id\":\"https:\\\/\\\/ateliers-nectoux.fr\\\/#\\\/schema\\\/logo\\\/image\\\/\"},\"sameAs\":[\"https:\\\/\\\/www.facebook.com\\\/ateliersnectoux\\\/\",\"https:\\\/\\\/www.instagram.com\\\/ateliersnectoux\\\/\",\"https:\\\/\\\/www.linkedin.com\\\/company\\\/ateliersnectoux\\\/\"]}]}<\/script>\n<!-- \/ Yoast SEO plugin. -->","yoast_head_json":{"title":"EDGE PROFILE N.22 (10 CM)","description":"Les Ateliers Nectoux est un fabricant de comptoir de luxe mettant en lumi\u00e8re l'esprit Bistronomie gr\u00e2ce aux cabochons de cette bordure en \u00e9tain N\u00b08","robots":{"index":"index","follow":"follow","max-snippet":"max-snippet:-1","max-image-preview":"max-image-preview:large","max-video-preview":"max-video-preview:-1"},"canonical":"https:\/\/ateliers-nectoux.fr\/en\/product\/bordure-n22-10-cm\/","og_locale":"en_US","og_type":"article","og_title":"Bordure N\u00b022 (10 cm)","og_description":"Les Ateliers Nectoux est un fabricant de comptoir de luxe mettant en lumi\u00e8re l'esprit Bistronomie gr\u00e2ce aux cabochons de cette bordure en \u00e9tain N\u00b08","og_url":"https:\/\/ateliers-nectoux.fr\/en\/product\/bordure-n22-10-cm\/","og_site_name":"Ateliers Nectoux","article_publisher":"https:\/\/www.facebook.com\/ateliersnectoux\/","article_modified_time":"2025-08-28T12:56:16+00:00","og_image":[{"width":1920,"height":1080,"url":"https:\/\/ateliers-nectoux.fr\/wp-content\/uploads\/2024\/04\/Bordure-22-Perspective.png","type":"image\/png"}],"twitter_card":"summary_large_image","twitter_misc":{"Est. reading time":"1 minute"},"schema":{"@context":"https:\/\/schema.org","@graph":[{"@type":"WebPage","@id":"https:\/\/ateliers-nectoux.fr\/produit\/bordure-n22-10-cm","url":"https:\/\/ateliers-nectoux.fr\/produit\/bordure-n22-10-cm","name":"EDGE PROFILE N.22 (10 CM)","isPartOf":{"@id":"https:\/\/ateliers-nectoux.fr\/#website"},"primaryImageOfPage":{"@id":"https:\/\/ateliers-nectoux.fr\/produit\/bordure-n22-10-cm#primaryimage"},"image":{"@id":"https:\/\/ateliers-nectoux.fr\/produit\/bordure-n22-10-cm#primaryimage"},"thumbnailUrl":"https:\/\/ateliers-nectoux.fr\/wp-content\/uploads\/2024\/04\/Bordure-22-Perspective.png","datePublished":"2024-07-08T11:43:24+00:00","dateModified":"2025-08-28T12:56:16+00:00","description":"Les Ateliers Nectoux est un fabricant de comptoir de luxe mettant en lumi\u00e8re l'esprit Bistronomie gr\u00e2ce aux cabochons de cette bordure en \u00e9tain N\u00b08","breadcrumb":{"@id":"https:\/\/ateliers-nectoux.fr\/produit\/bordure-n22-10-cm#breadcrumb"},"inLanguage":"en-US","potentialAction":[{"@type":"ReadAction","target":["https:\/\/ateliers-nectoux.fr\/produit\/bordure-n22-10-cm"]}]},{"@type":"ImageObject","inLanguage":"en-US","@id":"https:\/\/ateliers-nectoux.fr\/produit\/bordure-n22-10-cm#primaryimage","url":"https:\/\/ateliers-nectoux.fr\/wp-content\/uploads\/2024\/04\/Bordure-22-Perspective.png","contentUrl":"https:\/\/ateliers-nectoux.fr\/wp-content\/uploads\/2024\/04\/Bordure-22-Perspective.png","width":1920,"height":1080,"caption":"une bordure pour un mobilier design en \u00e9tain"},{"@type":"BreadcrumbList","@id":"https:\/\/ateliers-nectoux.fr\/produit\/bordure-n22-10-cm#breadcrumb","itemListElement":[{"@type":"ListItem","position":1,"name":"Accueil","item":"https:\/\/ateliers-nectoux.fr\/"},{"@type":"ListItem","position":2,"name":"boutique","item":"https:\/\/ateliers-nectoux.fr\/les-ateliers-nectoux-boutique"},{"@type":"ListItem","position":3,"name":"Bordure N\u00b022 (10 cm)"}]},{"@type":"WebSite","@id":"https:\/\/ateliers-nectoux.fr\/#website","url":"https:\/\/ateliers-nectoux.fr\/","name":"Ateliers Nectoux","description":"Comptoirs et bordures en \u00e9tain","publisher":{"@id":"https:\/\/ateliers-nectoux.fr\/#organization"},"potentialAction":[{"@type":"SearchAction","target":{"@type":"EntryPoint","urlTemplate":"https:\/\/ateliers-nectoux.fr\/?s={search_term_string}"},"query-input":{"@type":"PropertyValueSpecification","valueRequired":true,"valueName":"search_term_string"}}],"inLanguage":"en-US"},{"@type":"Organization","@id":"https:\/\/ateliers-nectoux.fr\/#organization","name":"Ateliers Nectoux","url":"https:\/\/ateliers-nectoux.fr\/","logo":{"@type":"ImageObject","inLanguage":"en-US","@id":"https:\/\/ateliers-nectoux.fr\/#\/schema\/logo\/image\/","url":"https:\/\/ateliers-nectoux.fr\/wp-content\/uploads\/2024\/03\/Fichier-1@3x.png","contentUrl":"https:\/\/ateliers-nectoux.fr\/wp-content\/uploads\/2024\/03\/Fichier-1@3x.png","width":1866,"height":377,"caption":"Ateliers Nectoux"},"image":{"@id":"https:\/\/ateliers-nectoux.fr\/#\/schema\/logo\/image\/"},"sameAs":["https:\/\/www.facebook.com\/ateliersnectoux\/","https:\/\/www.instagram.com\/ateliersnectoux\/","https:\/\/www.linkedin.com\/company\/ateliersnectoux\/"]}]}},"_links":{"self":[{"href":"https:\/\/ateliers-nectoux.fr\/en\/wp-json\/wp\/v2\/product\/2096","targetHints":{"allow":["GET"]}}],"collection":[{"href":"https:\/\/ateliers-nectoux.fr\/en\/wp-json\/wp\/v2\/product"}],"about":[{"href":"https:\/\/ateliers-nectoux.fr\/en\/wp-json\/wp\/v2\/types\/product"}],"version-history":[{"count":0,"href":"https:\/\/ateliers-nectoux.fr\/en\/wp-json\/wp\/v2\/product\/2096\/revisions"}],"wp:featuredmedia":[{"embeddable":true,"href":"https:\/\/ateliers-nectoux.fr\/en\/wp-json\/wp\/v2\/media\/6143"}],"wp:attachment":[{"href":"https:\/\/ateliers-nectoux.fr\/en\/wp-json\/wp\/v2\/media?parent=2096"}],"wp:term":[{"taxonomy":"product_brand","embeddable":true,"href":"https:\/\/ateliers-nectoux.fr\/en\/wp-json\/wp\/v2\/product_brand?post=2096"},{"taxonomy":"product_cat","embeddable":true,"href":"https:\/\/ateliers-nectoux.fr\/en\/wp-json\/wp\/v2\/product_cat?post=2096"},{"taxonomy":"product_tag","embeddable":true,"href":"https:\/\/ateliers-nectoux.fr\/en\/wp-json\/wp\/v2\/product_tag?post=2096"}],"curies":[{"name":"wp","href":"https:\/\/api.w.org\/{rel}","templated":true}]}}