{"id":2108,"date":"2024-07-08T11:37:06","date_gmt":"2024-07-08T11:37:06","guid":{"rendered":"https:\/\/preprod.origin-creative.fr\/?post_type=product&#038;p=2108"},"modified":"2025-08-28T13:39:15","modified_gmt":"2025-08-28T13:39:15","slug":"bordure-n10-7-cm","status":"publish","type":"product","link":"https:\/\/ateliers-nectoux.fr\/en\/product\/bordure-n10-7-cm","title":{"rendered":"EDGE PROFILE N.10 (7 CM)"},"content":{"rendered":"<p class=\"translation-block\"><strong>This projecting edge profile<\/strong> reminds us of the edges of XVIIIth century paneling as well as the ornaments of bases and tops of Art Deco columns.<\/p>\n<p class=\"translation-block\">This is how the \u2018<a href=\"https:\/\/g.page\/odeon-theatre?share\" target=\"_blank\" rel=\"noopener noreferrer\">Comptoir du Caf\u00e9 du Th\u00e9\u00e2tre de l\u2019Od\u00e9on<\/a>\u2019, ornamented with our <strong>edge profile n.10<\/strong> blends in the building\u2019s end of the XVIII architecture, which was modernized in the 1920s.<\/p>\n<p class=\"translation-block\">The fastidiousness and refining are the main features of this edge profile, and <strong>the quality of its bending are nonetheless surprising<\/strong>, despite its large relief. It is to be found at \u2018<a href=\"https:\/\/goo.gl\/maps\/9zk5TQzYWLHg8KvN8\" target=\"_blank\" rel=\"noopener noreferrer\">La Belle Hortense<\/a>\u2019, a lovely restaurant-bar-library, welcoming whatever might be the time of day. The cuisine is simple, very good and organic. You will be welcomed with truthfulness, warmth and joyfulness whether you come for lunch, to read a book or simply to have a chat by the <strong>countertop<\/strong>.<\/p>\n<p class=\"translation-block\">This classical edge profile fits with contemporary and definitely modern settings as is the case in \u2018<a href=\"https:\/\/goo.gl\/maps\/cv4mFnzunmCauFPt6\" target=\"_blank\" rel=\"noopener noreferrer\">Des Gars dans la Cuisine<\/a>\u2019, where the <strong>bistronomique brunch<\/strong> is meticulously gourmet.<\/p>\n<p class=\"translation-block\">Countertops <a href=\"https:\/\/ateliers-nectoux.fr\/en\/produit\/comptoir-n90\" target=\"_blank\" rel=\"noopener\">n.90<\/a> and <a href=\"https:\/\/ateliers-nectoux.fr\/en\/produit\/comptoir-n64\" target=\"_blank\" rel=\"noopener\">n.64<\/a> were refurbished with this edge profile.<\/p>","protected":false},"excerpt":{"rendered":"<p>Cette bordure saillante\u00a0veut rappeler les bords des boiseries travaill\u00e9es du XVIIIe si\u00e8cle ainsi que les ornements des bases et des [&hellip;]<\/p>\n","protected":false},"featured_media":7127,"template":"","meta":{"_acf_changed":false,"site-sidebar-layout":"default","site-content-layout":"","ast-site-content-layout":"default","site-content-style":"default","site-sidebar-style":"default","ast-global-header-display":"","ast-banner-title-visibility":"","ast-main-header-display":"","ast-hfb-above-header-display":"","ast-hfb-below-header-display":"","ast-hfb-mobile-header-display":"","site-post-title":"","ast-breadcrumbs-content":"","ast-featured-img":"","footer-sml-layout":"","ast-disable-related-posts":"","theme-transparent-header-meta":"default","adv-header-id-meta":"","stick-header-meta":"","header-above-stick-meta":"","header-main-stick-meta":"","header-below-stick-meta":"","astra-migrate-meta-layouts":"set","ast-page-background-enabled":"default","ast-page-background-meta":{"desktop":{"background-color":"var(--ast-global-color-4)","background-image":"","background-repeat":"repeat","background-position":"center center","background-size":"auto","background-attachment":"scroll","background-type":"","background-media":"","overlay-type":"","overlay-color":"","overlay-opacity":"","overlay-gradient":""},"tablet":{"background-color":"","background-image":"","background-repeat":"repeat","background-position":"center center","background-size":"auto","background-attachment":"scroll","background-type":"","background-media":"","overlay-type":"","overlay-color":"","overlay-opacity":"","overlay-gradient":""},"mobile":{"background-color":"","background-image":"","background-repeat":"repeat","background-position":"center center","background-size":"auto","background-attachment":"scroll","background-type":"","background-media":"","overlay-type":"","overlay-color":"","overlay-opacity":"","overlay-gradient":""}},"ast-content-background-meta":{"desktop":{"background-color":"var(--ast-global-color-5)","background-image":"","background-repeat":"repeat","background-position":"center center","background-size":"auto","background-attachment":"scroll","background-type":"","background-media":"","overlay-type":"","overlay-color":"","overlay-opacity":"","overlay-gradient":""},"tablet":{"background-color":"var(--ast-global-color-5)","background-image":"","background-repeat":"repeat","background-position":"center center","background-size":"auto","background-attachment":"scroll","background-type":"","background-media":"","overlay-type":"","overlay-color":"","overlay-opacity":"","overlay-gradient":""},"mobile":{"background-color":"var(--ast-global-color-5)","background-image":"","background-repeat":"repeat","background-position":"center center","background-size":"auto","background-attachment":"scroll","background-type":"","background-media":"","overlay-type":"","overlay-color":"","overlay-opacity":"","overlay-gradient":""}}},"product_brand":[],"product_cat":[29],"product_tag":[],"class_list":{"0":"post-2108","1":"product","2":"type-product","3":"status-publish","4":"has-post-thumbnail","6":"product_cat-bordures-style-1900-1930","7":"desktop-align-left","8":"tablet-align-left","9":"mobile-align-left","11":"first","12":"instock","13":"shipping-taxable","14":"product-type-simple"},"acf":[],"yoast_head":"<!-- This site is optimized with the Yoast SEO plugin v27.4 - https:\/\/yoast.com\/product\/yoast-seo-wordpress\/ -->\n<title>Bordure N\u00b010 (7 cm)<\/title>\n<meta name=\"description\" content=\"La minutie et le raffinement sont peut-\u00eatre les caract\u00e9ristiques premi\u00e8res de cette bordure dont les\u00a0qualit\u00e9s de cintrage restent surprenantes\u00a0malgr\u00e9 son relief important.\" \/>\n<meta name=\"robots\" content=\"index, follow, max-snippet:-1, max-image-preview:large, max-video-preview:-1\" \/>\n<link rel=\"canonical\" href=\"https:\/\/ateliers-nectoux.fr\/en\/product\/bordure-n10-7-cm\/\" \/>\n<meta property=\"og:locale\" content=\"en_US\" \/>\n<meta property=\"og:type\" content=\"article\" \/>\n<meta property=\"og:title\" content=\"Bordure N\u00b010 (7 cm)\" \/>\n<meta property=\"og:description\" content=\"La minutie et le raffinement sont peut-\u00eatre les caract\u00e9ristiques premi\u00e8res de cette bordure dont les\u00a0qualit\u00e9s de cintrage restent surprenantes\u00a0malgr\u00e9 son relief important.\" \/>\n<meta property=\"og:url\" content=\"https:\/\/ateliers-nectoux.fr\/en\/product\/bordure-n10-7-cm\/\" \/>\n<meta property=\"og:site_name\" content=\"Ateliers Nectoux\" \/>\n<meta property=\"article:publisher\" content=\"https:\/\/www.facebook.com\/ateliersnectoux\/\" \/>\n<meta property=\"article:modified_time\" content=\"2025-08-28T13:39:15+00:00\" \/>\n<meta property=\"og:image\" content=\"https:\/\/ateliers-nectoux.fr\/wp-content\/uploads\/2024\/07\/Bordure-10-Perspective.png\" \/>\n\t<meta property=\"og:image:width\" content=\"1920\" \/>\n\t<meta property=\"og:image:height\" content=\"1080\" \/>\n\t<meta property=\"og:image:type\" content=\"image\/png\" \/>\n<meta name=\"twitter:card\" content=\"summary_large_image\" \/>\n<meta name=\"twitter:label1\" content=\"Est. reading time\" \/>\n\t<meta name=\"twitter:data1\" content=\"2 minutes\" \/>\n<script type=\"application\/ld+json\" class=\"yoast-schema-graph\">{\"@context\":\"https:\\\/\\\/schema.org\",\"@graph\":[{\"@type\":\"WebPage\",\"@id\":\"https:\\\/\\\/ateliers-nectoux.fr\\\/produit\\\/bordure-n10-7-cm\",\"url\":\"https:\\\/\\\/ateliers-nectoux.fr\\\/produit\\\/bordure-n10-7-cm\",\"name\":\"Bordure N\u00b010 (7 cm)\",\"isPartOf\":{\"@id\":\"https:\\\/\\\/ateliers-nectoux.fr\\\/#website\"},\"primaryImageOfPage\":{\"@id\":\"https:\\\/\\\/ateliers-nectoux.fr\\\/produit\\\/bordure-n10-7-cm#primaryimage\"},\"image\":{\"@id\":\"https:\\\/\\\/ateliers-nectoux.fr\\\/produit\\\/bordure-n10-7-cm#primaryimage\"},\"thumbnailUrl\":\"https:\\\/\\\/ateliers-nectoux.fr\\\/wp-content\\\/uploads\\\/2024\\\/07\\\/Bordure-10-Perspective.png\",\"datePublished\":\"2024-07-08T11:37:06+00:00\",\"dateModified\":\"2025-08-28T13:39:15+00:00\",\"description\":\"La minutie et le raffinement sont peut-\u00eatre les caract\u00e9ristiques premi\u00e8res de cette bordure dont les\u00a0qualit\u00e9s de cintrage restent surprenantes\u00a0malgr\u00e9 son relief important.\",\"breadcrumb\":{\"@id\":\"https:\\\/\\\/ateliers-nectoux.fr\\\/produit\\\/bordure-n10-7-cm#breadcrumb\"},\"inLanguage\":\"en-US\",\"potentialAction\":[{\"@type\":\"ReadAction\",\"target\":[\"https:\\\/\\\/ateliers-nectoux.fr\\\/produit\\\/bordure-n10-7-cm\"]}]},{\"@type\":\"ImageObject\",\"inLanguage\":\"en-US\",\"@id\":\"https:\\\/\\\/ateliers-nectoux.fr\\\/produit\\\/bordure-n10-7-cm#primaryimage\",\"url\":\"https:\\\/\\\/ateliers-nectoux.fr\\\/wp-content\\\/uploads\\\/2024\\\/07\\\/Bordure-10-Perspective.png\",\"contentUrl\":\"https:\\\/\\\/ateliers-nectoux.fr\\\/wp-content\\\/uploads\\\/2024\\\/07\\\/Bordure-10-Perspective.png\",\"width\":1920,\"height\":1080,\"caption\":\"Bordure art d\u00e9co pour un mobilier design en \u00e9tain\"},{\"@type\":\"BreadcrumbList\",\"@id\":\"https:\\\/\\\/ateliers-nectoux.fr\\\/produit\\\/bordure-n10-7-cm#breadcrumb\",\"itemListElement\":[{\"@type\":\"ListItem\",\"position\":1,\"name\":\"Accueil\",\"item\":\"https:\\\/\\\/ateliers-nectoux.fr\\\/\"},{\"@type\":\"ListItem\",\"position\":2,\"name\":\"boutique\",\"item\":\"https:\\\/\\\/ateliers-nectoux.fr\\\/les-ateliers-nectoux-boutique\"},{\"@type\":\"ListItem\",\"position\":3,\"name\":\"Bordure N\u00b010 (7 cm)\"}]},{\"@type\":\"WebSite\",\"@id\":\"https:\\\/\\\/ateliers-nectoux.fr\\\/#website\",\"url\":\"https:\\\/\\\/ateliers-nectoux.fr\\\/\",\"name\":\"Ateliers Nectoux\",\"description\":\"Comptoirs et bordures en \u00e9tain\",\"publisher\":{\"@id\":\"https:\\\/\\\/ateliers-nectoux.fr\\\/#organization\"},\"potentialAction\":[{\"@type\":\"SearchAction\",\"target\":{\"@type\":\"EntryPoint\",\"urlTemplate\":\"https:\\\/\\\/ateliers-nectoux.fr\\\/?s={search_term_string}\"},\"query-input\":{\"@type\":\"PropertyValueSpecification\",\"valueRequired\":true,\"valueName\":\"search_term_string\"}}],\"inLanguage\":\"en-US\"},{\"@type\":\"Organization\",\"@id\":\"https:\\\/\\\/ateliers-nectoux.fr\\\/#organization\",\"name\":\"Ateliers Nectoux\",\"url\":\"https:\\\/\\\/ateliers-nectoux.fr\\\/\",\"logo\":{\"@type\":\"ImageObject\",\"inLanguage\":\"en-US\",\"@id\":\"https:\\\/\\\/ateliers-nectoux.fr\\\/#\\\/schema\\\/logo\\\/image\\\/\",\"url\":\"https:\\\/\\\/ateliers-nectoux.fr\\\/wp-content\\\/uploads\\\/2024\\\/03\\\/Fichier-1@3x.png\",\"contentUrl\":\"https:\\\/\\\/ateliers-nectoux.fr\\\/wp-content\\\/uploads\\\/2024\\\/03\\\/Fichier-1@3x.png\",\"width\":1866,\"height\":377,\"caption\":\"Ateliers Nectoux\"},\"image\":{\"@id\":\"https:\\\/\\\/ateliers-nectoux.fr\\\/#\\\/schema\\\/logo\\\/image\\\/\"},\"sameAs\":[\"https:\\\/\\\/www.facebook.com\\\/ateliersnectoux\\\/\",\"https:\\\/\\\/www.instagram.com\\\/ateliersnectoux\\\/\",\"https:\\\/\\\/www.linkedin.com\\\/company\\\/ateliersnectoux\\\/\"]}]}<\/script>\n<!-- \/ Yoast SEO plugin. -->","yoast_head_json":{"title":"EDGE PROFILE N.10 (7 CM)","description":"La minutie et le raffinement sont peut-\u00eatre les caract\u00e9ristiques premi\u00e8res de cette bordure dont les\u00a0qualit\u00e9s de cintrage restent surprenantes\u00a0malgr\u00e9 son relief important.","robots":{"index":"index","follow":"follow","max-snippet":"max-snippet:-1","max-image-preview":"max-image-preview:large","max-video-preview":"max-video-preview:-1"},"canonical":"https:\/\/ateliers-nectoux.fr\/en\/product\/bordure-n10-7-cm\/","og_locale":"en_US","og_type":"article","og_title":"Bordure N\u00b010 (7 cm)","og_description":"La minutie et le raffinement sont peut-\u00eatre les caract\u00e9ristiques premi\u00e8res de cette bordure dont les\u00a0qualit\u00e9s de cintrage restent surprenantes\u00a0malgr\u00e9 son relief important.","og_url":"https:\/\/ateliers-nectoux.fr\/en\/product\/bordure-n10-7-cm\/","og_site_name":"Ateliers Nectoux","article_publisher":"https:\/\/www.facebook.com\/ateliersnectoux\/","article_modified_time":"2025-08-28T13:39:15+00:00","og_image":[{"width":1920,"height":1080,"url":"https:\/\/ateliers-nectoux.fr\/wp-content\/uploads\/2024\/07\/Bordure-10-Perspective.png","type":"image\/png"}],"twitter_card":"summary_large_image","twitter_misc":{"Est. reading time":"2 minutes"},"schema":{"@context":"https:\/\/schema.org","@graph":[{"@type":"WebPage","@id":"https:\/\/ateliers-nectoux.fr\/produit\/bordure-n10-7-cm","url":"https:\/\/ateliers-nectoux.fr\/produit\/bordure-n10-7-cm","name":"EDGE PROFILE N.10 (7 CM)","isPartOf":{"@id":"https:\/\/ateliers-nectoux.fr\/#website"},"primaryImageOfPage":{"@id":"https:\/\/ateliers-nectoux.fr\/produit\/bordure-n10-7-cm#primaryimage"},"image":{"@id":"https:\/\/ateliers-nectoux.fr\/produit\/bordure-n10-7-cm#primaryimage"},"thumbnailUrl":"https:\/\/ateliers-nectoux.fr\/wp-content\/uploads\/2024\/07\/Bordure-10-Perspective.png","datePublished":"2024-07-08T11:37:06+00:00","dateModified":"2025-08-28T13:39:15+00:00","description":"La minutie et le raffinement sont peut-\u00eatre les caract\u00e9ristiques premi\u00e8res de cette bordure dont les\u00a0qualit\u00e9s de cintrage restent surprenantes\u00a0malgr\u00e9 son relief important.","breadcrumb":{"@id":"https:\/\/ateliers-nectoux.fr\/produit\/bordure-n10-7-cm#breadcrumb"},"inLanguage":"en-US","potentialAction":[{"@type":"ReadAction","target":["https:\/\/ateliers-nectoux.fr\/produit\/bordure-n10-7-cm"]}]},{"@type":"ImageObject","inLanguage":"en-US","@id":"https:\/\/ateliers-nectoux.fr\/produit\/bordure-n10-7-cm#primaryimage","url":"https:\/\/ateliers-nectoux.fr\/wp-content\/uploads\/2024\/07\/Bordure-10-Perspective.png","contentUrl":"https:\/\/ateliers-nectoux.fr\/wp-content\/uploads\/2024\/07\/Bordure-10-Perspective.png","width":1920,"height":1080,"caption":"Bordure art d\u00e9co pour un mobilier design en \u00e9tain"},{"@type":"BreadcrumbList","@id":"https:\/\/ateliers-nectoux.fr\/produit\/bordure-n10-7-cm#breadcrumb","itemListElement":[{"@type":"ListItem","position":1,"name":"Accueil","item":"https:\/\/ateliers-nectoux.fr\/"},{"@type":"ListItem","position":2,"name":"boutique","item":"https:\/\/ateliers-nectoux.fr\/les-ateliers-nectoux-boutique"},{"@type":"ListItem","position":3,"name":"Bordure N\u00b010 (7 cm)"}]},{"@type":"WebSite","@id":"https:\/\/ateliers-nectoux.fr\/#website","url":"https:\/\/ateliers-nectoux.fr\/","name":"Ateliers Nectoux","description":"Comptoirs et bordures en \u00e9tain","publisher":{"@id":"https:\/\/ateliers-nectoux.fr\/#organization"},"potentialAction":[{"@type":"SearchAction","target":{"@type":"EntryPoint","urlTemplate":"https:\/\/ateliers-nectoux.fr\/?s={search_term_string}"},"query-input":{"@type":"PropertyValueSpecification","valueRequired":true,"valueName":"search_term_string"}}],"inLanguage":"en-US"},{"@type":"Organization","@id":"https:\/\/ateliers-nectoux.fr\/#organization","name":"Ateliers Nectoux","url":"https:\/\/ateliers-nectoux.fr\/","logo":{"@type":"ImageObject","inLanguage":"en-US","@id":"https:\/\/ateliers-nectoux.fr\/#\/schema\/logo\/image\/","url":"https:\/\/ateliers-nectoux.fr\/wp-content\/uploads\/2024\/03\/Fichier-1@3x.png","contentUrl":"https:\/\/ateliers-nectoux.fr\/wp-content\/uploads\/2024\/03\/Fichier-1@3x.png","width":1866,"height":377,"caption":"Ateliers Nectoux"},"image":{"@id":"https:\/\/ateliers-nectoux.fr\/#\/schema\/logo\/image\/"},"sameAs":["https:\/\/www.facebook.com\/ateliersnectoux\/","https:\/\/www.instagram.com\/ateliersnectoux\/","https:\/\/www.linkedin.com\/company\/ateliersnectoux\/"]}]}},"_links":{"self":[{"href":"https:\/\/ateliers-nectoux.fr\/en\/wp-json\/wp\/v2\/product\/2108","targetHints":{"allow":["GET"]}}],"collection":[{"href":"https:\/\/ateliers-nectoux.fr\/en\/wp-json\/wp\/v2\/product"}],"about":[{"href":"https:\/\/ateliers-nectoux.fr\/en\/wp-json\/wp\/v2\/types\/product"}],"version-history":[{"count":0,"href":"https:\/\/ateliers-nectoux.fr\/en\/wp-json\/wp\/v2\/product\/2108\/revisions"}],"wp:featuredmedia":[{"embeddable":true,"href":"https:\/\/ateliers-nectoux.fr\/en\/wp-json\/wp\/v2\/media\/7127"}],"wp:attachment":[{"href":"https:\/\/ateliers-nectoux.fr\/en\/wp-json\/wp\/v2\/media?parent=2108"}],"wp:term":[{"taxonomy":"product_brand","embeddable":true,"href":"https:\/\/ateliers-nectoux.fr\/en\/wp-json\/wp\/v2\/product_brand?post=2108"},{"taxonomy":"product_cat","embeddable":true,"href":"https:\/\/ateliers-nectoux.fr\/en\/wp-json\/wp\/v2\/product_cat?post=2108"},{"taxonomy":"product_tag","embeddable":true,"href":"https:\/\/ateliers-nectoux.fr\/en\/wp-json\/wp\/v2\/product_tag?post=2108"}],"curies":[{"name":"wp","href":"https:\/\/api.w.org\/{rel}","templated":true}]}}