{"id":2115,"date":"2024-04-17T08:46:55","date_gmt":"2024-04-17T08:46:55","guid":{"rendered":"https:\/\/preprod.origin-creative.fr\/?post_type=product&#038;p=2115"},"modified":"2025-09-01T09:10:46","modified_gmt":"2025-09-01T09:10:46","slug":"bordure-n105-9-cm","status":"publish","type":"product","link":"https:\/\/ateliers-nectoux.fr\/en\/product\/bordure-n105-9-cm","title":{"rendered":"EDGE PROFILE N.105 (9 CM)"},"content":{"rendered":"<p class=\"translation-block\">To commemorate our 90th anniversary in 2020, we have launched <strong>eight edge profiles<\/strong> so as to provide our customers with a new experience.<\/p>\n<p class=\"translation-block\">While <strong>the luster and warmth of a pewter countertop<\/strong> remain unchanged, the refined lines of these more modern and <strong>industrial-style edge profiles<\/strong> also attract new customers. The quest for comfort and beauty is at the core of this new collection. The absence of decorative heads and drawings on these edge profiles does not mean that we have completely banned all ornamentation; it is quite the opposite.\n<br><br>\nWe absolutely do not wish to be monolithic. However, in a sometimes contradictory manner, the current fashion tends to rely on timeless lines, on older buildings (namely early-20th century North-American ones) or on styles borrowed from classical furniture.<\/p>\n<p>We have also noticed that the '<strong>Countertop<\/strong>' is evolving in its nature, in its use, in its position in space arrangement. People have been having more and more meals on it in the past few years. Today, people share meals on it. Cocktail bars are also evolving, as everything is brewed before your eyes, and the bottles and ingredients for your mixture are exhibited at glass level. We thus need larger tops.<\/p>\n<p class=\"translation-block\">This is how we came up with the new <a href=\"https:\/\/goo.gl\/maps\/yPuBCtk3MznNCJNR7\" target=\"_blank\" rel=\"noopener noreferrer\">Park Hyatt Paris-Vend\u00f4me<\/a> cocktail bar with a custom-made Edge Profile for its countertop. \n<br><br>\n<strong>The Countertop<\/strong> remains the center of gravity as it stands as the central elements of the magnificent brasserie '<a href=\"https:\/\/goo.gl\/maps\/Yt2YbT9mNKZUKu1L6\" target=\"_blank\" rel=\"noopener noreferrer\">Au Comptoir<\/a>'. The two countertops that are adorned with <strong>the edge profile n.105<\/strong> (9cm) are the pedestals of this new <strong>bistronome<\/strong> near the Canal Saint Martin. The same goes to '<a href=\"https:\/\/goo.gl\/maps\/pxBKho1j4bxPVNk97\" target=\"_blank\" rel=\"noopener noreferrer\">P\u00e9pite<\/a>' where the talented chef <strong>Etienne M\u00e9ot<\/strong> treats his guests with an original, refined and simple cuisine, all at the same time\u2026 still on an <strong>edge profile n.105<\/strong>.<\/p>","protected":false},"excerpt":{"rendered":"<p>Pour c\u00e9l\u00e9brer notre 90e anniversaire en 2020,\u00a0nous avons lanc\u00e9 huit bordures\u00a0afin d\u2019offrir une nouvelle exp\u00e9rience \u00e0 nos clients. Si l\u2019\u00e9clat [&hellip;]<\/p>\n","protected":false},"featured_media":7020,"template":"","meta":{"_acf_changed":false,"site-sidebar-layout":"default","site-content-layout":"","ast-site-content-layout":"default","site-content-style":"default","site-sidebar-style":"default","ast-global-header-display":"","ast-banner-title-visibility":"","ast-main-header-display":"","ast-hfb-above-header-display":"","ast-hfb-below-header-display":"","ast-hfb-mobile-header-display":"","site-post-title":"","ast-breadcrumbs-content":"","ast-featured-img":"","footer-sml-layout":"","ast-disable-related-posts":"","theme-transparent-header-meta":"default","adv-header-id-meta":"","stick-header-meta":"","header-above-stick-meta":"","header-main-stick-meta":"","header-below-stick-meta":"","astra-migrate-meta-layouts":"set","ast-page-background-enabled":"default","ast-page-background-meta":{"desktop":{"background-color":"var(--ast-global-color-4)","background-image":"","background-repeat":"repeat","background-position":"center center","background-size":"auto","background-attachment":"scroll","background-type":"","background-media":"","overlay-type":"","overlay-color":"","overlay-opacity":"","overlay-gradient":""},"tablet":{"background-color":"","background-image":"","background-repeat":"repeat","background-position":"center center","background-size":"auto","background-attachment":"scroll","background-type":"","background-media":"","overlay-type":"","overlay-color":"","overlay-opacity":"","overlay-gradient":""},"mobile":{"background-color":"","background-image":"","background-repeat":"repeat","background-position":"center center","background-size":"auto","background-attachment":"scroll","background-type":"","background-media":"","overlay-type":"","overlay-color":"","overlay-opacity":"","overlay-gradient":""}},"ast-content-background-meta":{"desktop":{"background-color":"var(--ast-global-color-5)","background-image":"","background-repeat":"repeat","background-position":"center center","background-size":"auto","background-attachment":"scroll","background-type":"","background-media":"","overlay-type":"","overlay-color":"","overlay-opacity":"","overlay-gradient":""},"tablet":{"background-color":"var(--ast-global-color-5)","background-image":"","background-repeat":"repeat","background-position":"center center","background-size":"auto","background-attachment":"scroll","background-type":"","background-media":"","overlay-type":"","overlay-color":"","overlay-opacity":"","overlay-gradient":""},"mobile":{"background-color":"var(--ast-global-color-5)","background-image":"","background-repeat":"repeat","background-position":"center center","background-size":"auto","background-attachment":"scroll","background-type":"","background-media":"","overlay-type":"","overlay-color":"","overlay-opacity":"","overlay-gradient":""}}},"product_brand":[],"product_cat":[34],"product_tag":[],"class_list":{"0":"post-2115","1":"product","2":"type-product","3":"status-publish","4":"has-post-thumbnail","6":"product_cat-bordures-neo-design","7":"desktop-align-left","8":"tablet-align-left","9":"mobile-align-left","11":"first","12":"instock","13":"shipping-taxable","14":"product-type-simple"},"acf":[],"yoast_head":"<!-- This site is optimized with the Yoast SEO plugin v27.3 - https:\/\/yoast.com\/product\/yoast-seo-wordpress\/ -->\n<title>Bordure N\u00b0105 (9 cm)<\/title>\n<meta name=\"description\" content=\"Les deux comptoirs orn\u00e9s de la\u00a0Bordure N\u00b0 105\u00a0(9cm) sont les plateformes de ce nouveau lieu\u00a0bistronome\u00a0proche du Canal Saint Martin.\" \/>\n<meta name=\"robots\" content=\"index, follow, max-snippet:-1, max-image-preview:large, max-video-preview:-1\" \/>\n<link rel=\"canonical\" href=\"https:\/\/ateliers-nectoux.fr\/en\/product\/bordure-n105-9-cm\/\" \/>\n<meta property=\"og:locale\" content=\"en_US\" \/>\n<meta property=\"og:type\" content=\"article\" \/>\n<meta property=\"og:title\" content=\"Bordure N\u00b0105 (9 cm)\" \/>\n<meta property=\"og:description\" content=\"Les deux comptoirs orn\u00e9s de la\u00a0Bordure N\u00b0 105\u00a0(9cm) sont les plateformes de ce nouveau lieu\u00a0bistronome\u00a0proche du Canal Saint Martin.\" \/>\n<meta property=\"og:url\" content=\"https:\/\/ateliers-nectoux.fr\/en\/product\/bordure-n105-9-cm\/\" \/>\n<meta property=\"og:site_name\" content=\"Ateliers Nectoux\" \/>\n<meta property=\"article:publisher\" content=\"https:\/\/www.facebook.com\/ateliersnectoux\/\" \/>\n<meta property=\"article:modified_time\" content=\"2025-09-01T09:10:46+00:00\" \/>\n<meta property=\"og:image\" content=\"https:\/\/ateliers-nectoux.fr\/wp-content\/uploads\/2024\/10\/Bordure-105-Perspective.png\" \/>\n\t<meta property=\"og:image:width\" content=\"1920\" \/>\n\t<meta property=\"og:image:height\" content=\"1080\" \/>\n\t<meta property=\"og:image:type\" content=\"image\/png\" \/>\n<meta name=\"twitter:card\" content=\"summary_large_image\" \/>\n<meta name=\"twitter:label1\" content=\"Est. reading time\" \/>\n\t<meta name=\"twitter:data1\" content=\"2 minutes\" \/>\n<script type=\"application\/ld+json\" class=\"yoast-schema-graph\">{\"@context\":\"https:\\\/\\\/schema.org\",\"@graph\":[{\"@type\":\"WebPage\",\"@id\":\"https:\\\/\\\/ateliers-nectoux.fr\\\/produit\\\/bordure-n105-9-cm\",\"url\":\"https:\\\/\\\/ateliers-nectoux.fr\\\/produit\\\/bordure-n105-9-cm\",\"name\":\"Bordure N\u00b0105 (9 cm)\",\"isPartOf\":{\"@id\":\"https:\\\/\\\/ateliers-nectoux.fr\\\/#website\"},\"primaryImageOfPage\":{\"@id\":\"https:\\\/\\\/ateliers-nectoux.fr\\\/produit\\\/bordure-n105-9-cm#primaryimage\"},\"image\":{\"@id\":\"https:\\\/\\\/ateliers-nectoux.fr\\\/produit\\\/bordure-n105-9-cm#primaryimage\"},\"thumbnailUrl\":\"https:\\\/\\\/ateliers-nectoux.fr\\\/wp-content\\\/uploads\\\/2024\\\/10\\\/Bordure-105-Perspective.png\",\"datePublished\":\"2024-04-17T08:46:55+00:00\",\"dateModified\":\"2025-09-01T09:10:46+00:00\",\"description\":\"Les deux comptoirs orn\u00e9s de la\u00a0Bordure N\u00b0 105\u00a0(9cm) sont les plateformes de ce nouveau lieu\u00a0bistronome\u00a0proche du Canal Saint Martin.\",\"breadcrumb\":{\"@id\":\"https:\\\/\\\/ateliers-nectoux.fr\\\/produit\\\/bordure-n105-9-cm#breadcrumb\"},\"inLanguage\":\"en-US\",\"potentialAction\":[{\"@type\":\"ReadAction\",\"target\":[\"https:\\\/\\\/ateliers-nectoux.fr\\\/produit\\\/bordure-n105-9-cm\"]}]},{\"@type\":\"ImageObject\",\"inLanguage\":\"en-US\",\"@id\":\"https:\\\/\\\/ateliers-nectoux.fr\\\/produit\\\/bordure-n105-9-cm#primaryimage\",\"url\":\"https:\\\/\\\/ateliers-nectoux.fr\\\/wp-content\\\/uploads\\\/2024\\\/10\\\/Bordure-105-Perspective.png\",\"contentUrl\":\"https:\\\/\\\/ateliers-nectoux.fr\\\/wp-content\\\/uploads\\\/2024\\\/10\\\/Bordure-105-Perspective.png\",\"width\":1920,\"height\":1080,\"caption\":\"cr\u00e9ateur de bar en \u00e9tain avec des bordures n\u00e9o design\"},{\"@type\":\"BreadcrumbList\",\"@id\":\"https:\\\/\\\/ateliers-nectoux.fr\\\/produit\\\/bordure-n105-9-cm#breadcrumb\",\"itemListElement\":[{\"@type\":\"ListItem\",\"position\":1,\"name\":\"Accueil\",\"item\":\"https:\\\/\\\/ateliers-nectoux.fr\\\/\"},{\"@type\":\"ListItem\",\"position\":2,\"name\":\"boutique\",\"item\":\"https:\\\/\\\/ateliers-nectoux.fr\\\/les-ateliers-nectoux-boutique\"},{\"@type\":\"ListItem\",\"position\":3,\"name\":\"Bordure N\u00b0105 (9 cm)\"}]},{\"@type\":\"WebSite\",\"@id\":\"https:\\\/\\\/ateliers-nectoux.fr\\\/#website\",\"url\":\"https:\\\/\\\/ateliers-nectoux.fr\\\/\",\"name\":\"Ateliers Nectoux\",\"description\":\"Comptoirs et bordures en \u00e9tain\",\"publisher\":{\"@id\":\"https:\\\/\\\/ateliers-nectoux.fr\\\/#organization\"},\"potentialAction\":[{\"@type\":\"SearchAction\",\"target\":{\"@type\":\"EntryPoint\",\"urlTemplate\":\"https:\\\/\\\/ateliers-nectoux.fr\\\/?s={search_term_string}\"},\"query-input\":{\"@type\":\"PropertyValueSpecification\",\"valueRequired\":true,\"valueName\":\"search_term_string\"}}],\"inLanguage\":\"en-US\"},{\"@type\":\"Organization\",\"@id\":\"https:\\\/\\\/ateliers-nectoux.fr\\\/#organization\",\"name\":\"Ateliers Nectoux\",\"url\":\"https:\\\/\\\/ateliers-nectoux.fr\\\/\",\"logo\":{\"@type\":\"ImageObject\",\"inLanguage\":\"en-US\",\"@id\":\"https:\\\/\\\/ateliers-nectoux.fr\\\/#\\\/schema\\\/logo\\\/image\\\/\",\"url\":\"https:\\\/\\\/ateliers-nectoux.fr\\\/wp-content\\\/uploads\\\/2024\\\/03\\\/Fichier-1@3x.png\",\"contentUrl\":\"https:\\\/\\\/ateliers-nectoux.fr\\\/wp-content\\\/uploads\\\/2024\\\/03\\\/Fichier-1@3x.png\",\"width\":1866,\"height\":377,\"caption\":\"Ateliers Nectoux\"},\"image\":{\"@id\":\"https:\\\/\\\/ateliers-nectoux.fr\\\/#\\\/schema\\\/logo\\\/image\\\/\"},\"sameAs\":[\"https:\\\/\\\/www.facebook.com\\\/ateliersnectoux\\\/\",\"https:\\\/\\\/www.instagram.com\\\/ateliersnectoux\\\/\",\"https:\\\/\\\/www.linkedin.com\\\/company\\\/ateliersnectoux\\\/\"]}]}<\/script>\n<!-- \/ Yoast SEO plugin. -->","yoast_head_json":{"title":"EDGE PROFILE N.105 (9 CM)","description":"Les deux comptoirs orn\u00e9s de la\u00a0Bordure N\u00b0 105\u00a0(9cm) sont les plateformes de ce nouveau lieu\u00a0bistronome\u00a0proche du Canal Saint Martin.","robots":{"index":"index","follow":"follow","max-snippet":"max-snippet:-1","max-image-preview":"max-image-preview:large","max-video-preview":"max-video-preview:-1"},"canonical":"https:\/\/ateliers-nectoux.fr\/en\/product\/bordure-n105-9-cm\/","og_locale":"en_US","og_type":"article","og_title":"Bordure N\u00b0105 (9 cm)","og_description":"Les deux comptoirs orn\u00e9s de la\u00a0Bordure N\u00b0 105\u00a0(9cm) sont les plateformes de ce nouveau lieu\u00a0bistronome\u00a0proche du Canal Saint Martin.","og_url":"https:\/\/ateliers-nectoux.fr\/en\/product\/bordure-n105-9-cm\/","og_site_name":"Ateliers Nectoux","article_publisher":"https:\/\/www.facebook.com\/ateliersnectoux\/","article_modified_time":"2025-09-01T09:10:46+00:00","og_image":[{"width":1920,"height":1080,"url":"https:\/\/ateliers-nectoux.fr\/wp-content\/uploads\/2024\/10\/Bordure-105-Perspective.png","type":"image\/png"}],"twitter_card":"summary_large_image","twitter_misc":{"Est. reading time":"2 minutes"},"schema":{"@context":"https:\/\/schema.org","@graph":[{"@type":"WebPage","@id":"https:\/\/ateliers-nectoux.fr\/produit\/bordure-n105-9-cm","url":"https:\/\/ateliers-nectoux.fr\/produit\/bordure-n105-9-cm","name":"EDGE PROFILE N.105 (9 CM)","isPartOf":{"@id":"https:\/\/ateliers-nectoux.fr\/#website"},"primaryImageOfPage":{"@id":"https:\/\/ateliers-nectoux.fr\/produit\/bordure-n105-9-cm#primaryimage"},"image":{"@id":"https:\/\/ateliers-nectoux.fr\/produit\/bordure-n105-9-cm#primaryimage"},"thumbnailUrl":"https:\/\/ateliers-nectoux.fr\/wp-content\/uploads\/2024\/10\/Bordure-105-Perspective.png","datePublished":"2024-04-17T08:46:55+00:00","dateModified":"2025-09-01T09:10:46+00:00","description":"Les deux comptoirs orn\u00e9s de la\u00a0Bordure N\u00b0 105\u00a0(9cm) sont les plateformes de ce nouveau lieu\u00a0bistronome\u00a0proche du Canal Saint Martin.","breadcrumb":{"@id":"https:\/\/ateliers-nectoux.fr\/produit\/bordure-n105-9-cm#breadcrumb"},"inLanguage":"en-US","potentialAction":[{"@type":"ReadAction","target":["https:\/\/ateliers-nectoux.fr\/produit\/bordure-n105-9-cm"]}]},{"@type":"ImageObject","inLanguage":"en-US","@id":"https:\/\/ateliers-nectoux.fr\/produit\/bordure-n105-9-cm#primaryimage","url":"https:\/\/ateliers-nectoux.fr\/wp-content\/uploads\/2024\/10\/Bordure-105-Perspective.png","contentUrl":"https:\/\/ateliers-nectoux.fr\/wp-content\/uploads\/2024\/10\/Bordure-105-Perspective.png","width":1920,"height":1080,"caption":"cr\u00e9ateur de bar en \u00e9tain avec des bordures n\u00e9o design"},{"@type":"BreadcrumbList","@id":"https:\/\/ateliers-nectoux.fr\/produit\/bordure-n105-9-cm#breadcrumb","itemListElement":[{"@type":"ListItem","position":1,"name":"Accueil","item":"https:\/\/ateliers-nectoux.fr\/"},{"@type":"ListItem","position":2,"name":"boutique","item":"https:\/\/ateliers-nectoux.fr\/les-ateliers-nectoux-boutique"},{"@type":"ListItem","position":3,"name":"Bordure N\u00b0105 (9 cm)"}]},{"@type":"WebSite","@id":"https:\/\/ateliers-nectoux.fr\/#website","url":"https:\/\/ateliers-nectoux.fr\/","name":"Ateliers Nectoux","description":"Comptoirs et bordures en \u00e9tain","publisher":{"@id":"https:\/\/ateliers-nectoux.fr\/#organization"},"potentialAction":[{"@type":"SearchAction","target":{"@type":"EntryPoint","urlTemplate":"https:\/\/ateliers-nectoux.fr\/?s={search_term_string}"},"query-input":{"@type":"PropertyValueSpecification","valueRequired":true,"valueName":"search_term_string"}}],"inLanguage":"en-US"},{"@type":"Organization","@id":"https:\/\/ateliers-nectoux.fr\/#organization","name":"Ateliers Nectoux","url":"https:\/\/ateliers-nectoux.fr\/","logo":{"@type":"ImageObject","inLanguage":"en-US","@id":"https:\/\/ateliers-nectoux.fr\/#\/schema\/logo\/image\/","url":"https:\/\/ateliers-nectoux.fr\/wp-content\/uploads\/2024\/03\/Fichier-1@3x.png","contentUrl":"https:\/\/ateliers-nectoux.fr\/wp-content\/uploads\/2024\/03\/Fichier-1@3x.png","width":1866,"height":377,"caption":"Ateliers Nectoux"},"image":{"@id":"https:\/\/ateliers-nectoux.fr\/#\/schema\/logo\/image\/"},"sameAs":["https:\/\/www.facebook.com\/ateliersnectoux\/","https:\/\/www.instagram.com\/ateliersnectoux\/","https:\/\/www.linkedin.com\/company\/ateliersnectoux\/"]}]}},"_links":{"self":[{"href":"https:\/\/ateliers-nectoux.fr\/en\/wp-json\/wp\/v2\/product\/2115","targetHints":{"allow":["GET"]}}],"collection":[{"href":"https:\/\/ateliers-nectoux.fr\/en\/wp-json\/wp\/v2\/product"}],"about":[{"href":"https:\/\/ateliers-nectoux.fr\/en\/wp-json\/wp\/v2\/types\/product"}],"version-history":[{"count":0,"href":"https:\/\/ateliers-nectoux.fr\/en\/wp-json\/wp\/v2\/product\/2115\/revisions"}],"wp:featuredmedia":[{"embeddable":true,"href":"https:\/\/ateliers-nectoux.fr\/en\/wp-json\/wp\/v2\/media\/7020"}],"wp:attachment":[{"href":"https:\/\/ateliers-nectoux.fr\/en\/wp-json\/wp\/v2\/media?parent=2115"}],"wp:term":[{"taxonomy":"product_brand","embeddable":true,"href":"https:\/\/ateliers-nectoux.fr\/en\/wp-json\/wp\/v2\/product_brand?post=2115"},{"taxonomy":"product_cat","embeddable":true,"href":"https:\/\/ateliers-nectoux.fr\/en\/wp-json\/wp\/v2\/product_cat?post=2115"},{"taxonomy":"product_tag","embeddable":true,"href":"https:\/\/ateliers-nectoux.fr\/en\/wp-json\/wp\/v2\/product_tag?post=2115"}],"curies":[{"name":"wp","href":"https:\/\/api.w.org\/{rel}","templated":true}]}}