{"id":2126,"date":"2024-04-17T09:01:10","date_gmt":"2024-04-17T09:01:10","guid":{"rendered":"https:\/\/preprod.origin-creative.fr\/?post_type=product&#038;p=2126"},"modified":"2025-09-01T09:45:28","modified_gmt":"2025-09-01T09:45:28","slug":"bordure-table-n07-5-cm","status":"publish","type":"product","link":"https:\/\/ateliers-nectoux.fr\/en\/product\/bordure-table-n07-5-cm","title":{"rendered":"Table edge profile N.07 (5cm)"},"content":{"rendered":"<p class=\"translation-block\">The <strong>pewter<\/strong> tables are a natural extension of a <strong>countertop<\/strong>. Pewter is warm, it's soft, it lives, it tells a story; it takes hits, it's silky, it's convivial.\nToday, eating well in the French style often means dining on \"zinc\".<\/p>\n<p class=\"translation-block\">The principle of the table edge profile is that it's a continuation of the one that adorns the countertop. Indeed, all the edge profiles are the center, or the cabochons of the <strong>countertop's edge profile<\/strong>. That is the soul of the countertop, we improvise: as everything is tailor made, <strong>everything is achievable!<\/strong><\/p>","protected":false},"excerpt":{"rendered":"<p>Les tables en \u00e9tain sont le prolongement naturel d\u2019un comptoir. L\u2019\u00e9tain, c&rsquo;est chaud, c\u2019est doux, \u00e7a vit, \u00e7a raconte une [&hellip;]<\/p>\n","protected":false},"featured_media":6251,"template":"","meta":{"_acf_changed":false,"site-sidebar-layout":"default","site-content-layout":"","ast-site-content-layout":"default","site-content-style":"default","site-sidebar-style":"default","ast-global-header-display":"","ast-banner-title-visibility":"","ast-main-header-display":"","ast-hfb-above-header-display":"","ast-hfb-below-header-display":"","ast-hfb-mobile-header-display":"","site-post-title":"","ast-breadcrumbs-content":"","ast-featured-img":"","footer-sml-layout":"","ast-disable-related-posts":"","theme-transparent-header-meta":"default","adv-header-id-meta":"","stick-header-meta":"","header-above-stick-meta":"","header-main-stick-meta":"","header-below-stick-meta":"","astra-migrate-meta-layouts":"set","ast-page-background-enabled":"default","ast-page-background-meta":{"desktop":{"background-color":"var(--ast-global-color-4)","background-image":"","background-repeat":"repeat","background-position":"center center","background-size":"auto","background-attachment":"scroll","background-type":"","background-media":"","overlay-type":"","overlay-color":"","overlay-opacity":"","overlay-gradient":""},"tablet":{"background-color":"","background-image":"","background-repeat":"repeat","background-position":"center center","background-size":"auto","background-attachment":"scroll","background-type":"","background-media":"","overlay-type":"","overlay-color":"","overlay-opacity":"","overlay-gradient":""},"mobile":{"background-color":"","background-image":"","background-repeat":"repeat","background-position":"center center","background-size":"auto","background-attachment":"scroll","background-type":"","background-media":"","overlay-type":"","overlay-color":"","overlay-opacity":"","overlay-gradient":""}},"ast-content-background-meta":{"desktop":{"background-color":"var(--ast-global-color-5)","background-image":"","background-repeat":"repeat","background-position":"center center","background-size":"auto","background-attachment":"scroll","background-type":"","background-media":"","overlay-type":"","overlay-color":"","overlay-opacity":"","overlay-gradient":""},"tablet":{"background-color":"var(--ast-global-color-5)","background-image":"","background-repeat":"repeat","background-position":"center center","background-size":"auto","background-attachment":"scroll","background-type":"","background-media":"","overlay-type":"","overlay-color":"","overlay-opacity":"","overlay-gradient":""},"mobile":{"background-color":"var(--ast-global-color-5)","background-image":"","background-repeat":"repeat","background-position":"center center","background-size":"auto","background-attachment":"scroll","background-type":"","background-media":"","overlay-type":"","overlay-color":"","overlay-opacity":"","overlay-gradient":""}}},"product_brand":[],"product_cat":[35],"product_tag":[],"class_list":{"0":"post-2126","1":"product","2":"type-product","3":"status-publish","4":"has-post-thumbnail","6":"product_cat-bordures-de-table","7":"desktop-align-left","8":"tablet-align-left","9":"mobile-align-left","11":"first","12":"instock","13":"shipping-taxable","14":"product-type-simple"},"acf":[],"yoast_head":"<!-- This site is optimized with the Yoast SEO plugin v27.3 - https:\/\/yoast.com\/product\/yoast-seo-wordpress\/ -->\n<title>Bordure Table N\u00b007 (5 cm)<\/title>\n<meta name=\"description\" content=\"Bordure en \u00e9tain l\u00e9g\u00e8rement ondul\u00e9e pour mettre en avant un comptoir en \u00e9tain ou en zinc avec du mobilier en \u00e9tain pour les Hotels ou brasserie.\" \/>\n<meta name=\"robots\" content=\"index, follow, max-snippet:-1, max-image-preview:large, max-video-preview:-1\" \/>\n<link rel=\"canonical\" href=\"https:\/\/ateliers-nectoux.fr\/en\/product\/bordure-table-n07-5-cm\/\" \/>\n<meta property=\"og:locale\" content=\"en_US\" \/>\n<meta property=\"og:type\" content=\"article\" \/>\n<meta property=\"og:title\" content=\"Bordure Table N\u00b007 (5 cm)\" \/>\n<meta property=\"og:description\" content=\"Bordure en \u00e9tain l\u00e9g\u00e8rement ondul\u00e9e pour mettre en avant un comptoir en \u00e9tain ou en zinc avec du mobilier en \u00e9tain pour les Hotels ou brasserie.\" \/>\n<meta property=\"og:url\" content=\"https:\/\/ateliers-nectoux.fr\/en\/product\/bordure-table-n07-5-cm\/\" \/>\n<meta property=\"og:site_name\" content=\"Ateliers Nectoux\" \/>\n<meta property=\"article:publisher\" content=\"https:\/\/www.facebook.com\/ateliersnectoux\/\" \/>\n<meta property=\"article:modified_time\" content=\"2025-09-01T09:45:28+00:00\" \/>\n<meta property=\"og:image\" content=\"https:\/\/ateliers-nectoux.fr\/wp-content\/uploads\/2024\/04\/Table-07-Perspective-e1727178028153.png\" \/>\n\t<meta property=\"og:image:width\" content=\"700\" \/>\n\t<meta property=\"og:image:height\" content=\"700\" \/>\n\t<meta property=\"og:image:type\" content=\"image\/png\" \/>\n<meta name=\"twitter:card\" content=\"summary_large_image\" \/>\n<meta name=\"twitter:label1\" content=\"Est. reading time\" \/>\n\t<meta name=\"twitter:data1\" content=\"1 minute\" \/>\n<script type=\"application\/ld+json\" class=\"yoast-schema-graph\">{\"@context\":\"https:\\\/\\\/schema.org\",\"@graph\":[{\"@type\":\"WebPage\",\"@id\":\"https:\\\/\\\/ateliers-nectoux.fr\\\/produit\\\/bordure-table-n07-5-cm\",\"url\":\"https:\\\/\\\/ateliers-nectoux.fr\\\/produit\\\/bordure-table-n07-5-cm\",\"name\":\"Bordure Table N\u00b007 (5 cm)\",\"isPartOf\":{\"@id\":\"https:\\\/\\\/ateliers-nectoux.fr\\\/#website\"},\"primaryImageOfPage\":{\"@id\":\"https:\\\/\\\/ateliers-nectoux.fr\\\/produit\\\/bordure-table-n07-5-cm#primaryimage\"},\"image\":{\"@id\":\"https:\\\/\\\/ateliers-nectoux.fr\\\/produit\\\/bordure-table-n07-5-cm#primaryimage\"},\"thumbnailUrl\":\"https:\\\/\\\/ateliers-nectoux.fr\\\/wp-content\\\/uploads\\\/2024\\\/04\\\/Table-07-Perspective-e1727178028153.png\",\"datePublished\":\"2024-04-17T09:01:10+00:00\",\"dateModified\":\"2025-09-01T09:45:28+00:00\",\"description\":\"Bordure en \u00e9tain l\u00e9g\u00e8rement ondul\u00e9e pour mettre en avant un comptoir en \u00e9tain ou en zinc avec du mobilier en \u00e9tain pour les Hotels ou brasserie.\",\"breadcrumb\":{\"@id\":\"https:\\\/\\\/ateliers-nectoux.fr\\\/produit\\\/bordure-table-n07-5-cm#breadcrumb\"},\"inLanguage\":\"en-US\",\"potentialAction\":[{\"@type\":\"ReadAction\",\"target\":[\"https:\\\/\\\/ateliers-nectoux.fr\\\/produit\\\/bordure-table-n07-5-cm\"]}]},{\"@type\":\"ImageObject\",\"inLanguage\":\"en-US\",\"@id\":\"https:\\\/\\\/ateliers-nectoux.fr\\\/produit\\\/bordure-table-n07-5-cm#primaryimage\",\"url\":\"https:\\\/\\\/ateliers-nectoux.fr\\\/wp-content\\\/uploads\\\/2024\\\/04\\\/Table-07-Perspective-e1727178028153.png\",\"contentUrl\":\"https:\\\/\\\/ateliers-nectoux.fr\\\/wp-content\\\/uploads\\\/2024\\\/04\\\/Table-07-Perspective-e1727178028153.png\",\"width\":700,\"height\":700,\"caption\":\"table en \u00e9tain mis en valeur par cette bordure \u00e0 vagues\"},{\"@type\":\"BreadcrumbList\",\"@id\":\"https:\\\/\\\/ateliers-nectoux.fr\\\/produit\\\/bordure-table-n07-5-cm#breadcrumb\",\"itemListElement\":[{\"@type\":\"ListItem\",\"position\":1,\"name\":\"Accueil\",\"item\":\"https:\\\/\\\/ateliers-nectoux.fr\\\/\"},{\"@type\":\"ListItem\",\"position\":2,\"name\":\"boutique\",\"item\":\"https:\\\/\\\/ateliers-nectoux.fr\\\/les-ateliers-nectoux-boutique\"},{\"@type\":\"ListItem\",\"position\":3,\"name\":\"Bordure de Table N\u00b007 (5 cm)\"}]},{\"@type\":\"WebSite\",\"@id\":\"https:\\\/\\\/ateliers-nectoux.fr\\\/#website\",\"url\":\"https:\\\/\\\/ateliers-nectoux.fr\\\/\",\"name\":\"Ateliers Nectoux\",\"description\":\"Comptoirs et bordures en \u00e9tain\",\"publisher\":{\"@id\":\"https:\\\/\\\/ateliers-nectoux.fr\\\/#organization\"},\"potentialAction\":[{\"@type\":\"SearchAction\",\"target\":{\"@type\":\"EntryPoint\",\"urlTemplate\":\"https:\\\/\\\/ateliers-nectoux.fr\\\/?s={search_term_string}\"},\"query-input\":{\"@type\":\"PropertyValueSpecification\",\"valueRequired\":true,\"valueName\":\"search_term_string\"}}],\"inLanguage\":\"en-US\"},{\"@type\":\"Organization\",\"@id\":\"https:\\\/\\\/ateliers-nectoux.fr\\\/#organization\",\"name\":\"Ateliers Nectoux\",\"url\":\"https:\\\/\\\/ateliers-nectoux.fr\\\/\",\"logo\":{\"@type\":\"ImageObject\",\"inLanguage\":\"en-US\",\"@id\":\"https:\\\/\\\/ateliers-nectoux.fr\\\/#\\\/schema\\\/logo\\\/image\\\/\",\"url\":\"https:\\\/\\\/ateliers-nectoux.fr\\\/wp-content\\\/uploads\\\/2024\\\/03\\\/Fichier-1@3x.png\",\"contentUrl\":\"https:\\\/\\\/ateliers-nectoux.fr\\\/wp-content\\\/uploads\\\/2024\\\/03\\\/Fichier-1@3x.png\",\"width\":1866,\"height\":377,\"caption\":\"Ateliers Nectoux\"},\"image\":{\"@id\":\"https:\\\/\\\/ateliers-nectoux.fr\\\/#\\\/schema\\\/logo\\\/image\\\/\"},\"sameAs\":[\"https:\\\/\\\/www.facebook.com\\\/ateliersnectoux\\\/\",\"https:\\\/\\\/www.instagram.com\\\/ateliersnectoux\\\/\",\"https:\\\/\\\/www.linkedin.com\\\/company\\\/ateliersnectoux\\\/\"]}]}<\/script>\n<!-- \/ Yoast SEO plugin. -->","yoast_head_json":{"title":"TABLE EDGE PROFILE N\u00b007 (5 CM)","description":"Bordure en \u00e9tain l\u00e9g\u00e8rement ondul\u00e9e pour mettre en avant un comptoir en \u00e9tain ou en zinc avec du mobilier en \u00e9tain pour les Hotels ou brasserie.","robots":{"index":"index","follow":"follow","max-snippet":"max-snippet:-1","max-image-preview":"max-image-preview:large","max-video-preview":"max-video-preview:-1"},"canonical":"https:\/\/ateliers-nectoux.fr\/en\/product\/bordure-table-n07-5-cm\/","og_locale":"en_US","og_type":"article","og_title":"Bordure Table N\u00b007 (5 cm)","og_description":"Bordure en \u00e9tain l\u00e9g\u00e8rement ondul\u00e9e pour mettre en avant un comptoir en \u00e9tain ou en zinc avec du mobilier en \u00e9tain pour les Hotels ou brasserie.","og_url":"https:\/\/ateliers-nectoux.fr\/en\/product\/bordure-table-n07-5-cm\/","og_site_name":"Ateliers Nectoux","article_publisher":"https:\/\/www.facebook.com\/ateliersnectoux\/","article_modified_time":"2025-09-01T09:45:28+00:00","og_image":[{"width":700,"height":700,"url":"https:\/\/ateliers-nectoux.fr\/wp-content\/uploads\/2024\/04\/Table-07-Perspective-e1727178028153.png","type":"image\/png"}],"twitter_card":"summary_large_image","twitter_misc":{"Est. reading time":"1 minute"},"schema":{"@context":"https:\/\/schema.org","@graph":[{"@type":"WebPage","@id":"https:\/\/ateliers-nectoux.fr\/produit\/bordure-table-n07-5-cm","url":"https:\/\/ateliers-nectoux.fr\/produit\/bordure-table-n07-5-cm","name":"TABLE EDGE PROFILE N\u00b007 (5 CM)","isPartOf":{"@id":"https:\/\/ateliers-nectoux.fr\/#website"},"primaryImageOfPage":{"@id":"https:\/\/ateliers-nectoux.fr\/produit\/bordure-table-n07-5-cm#primaryimage"},"image":{"@id":"https:\/\/ateliers-nectoux.fr\/produit\/bordure-table-n07-5-cm#primaryimage"},"thumbnailUrl":"https:\/\/ateliers-nectoux.fr\/wp-content\/uploads\/2024\/04\/Table-07-Perspective-e1727178028153.png","datePublished":"2024-04-17T09:01:10+00:00","dateModified":"2025-09-01T09:45:28+00:00","description":"Bordure en \u00e9tain l\u00e9g\u00e8rement ondul\u00e9e pour mettre en avant un comptoir en \u00e9tain ou en zinc avec du mobilier en \u00e9tain pour les Hotels ou brasserie.","breadcrumb":{"@id":"https:\/\/ateliers-nectoux.fr\/produit\/bordure-table-n07-5-cm#breadcrumb"},"inLanguage":"en-US","potentialAction":[{"@type":"ReadAction","target":["https:\/\/ateliers-nectoux.fr\/produit\/bordure-table-n07-5-cm"]}]},{"@type":"ImageObject","inLanguage":"en-US","@id":"https:\/\/ateliers-nectoux.fr\/produit\/bordure-table-n07-5-cm#primaryimage","url":"https:\/\/ateliers-nectoux.fr\/wp-content\/uploads\/2024\/04\/Table-07-Perspective-e1727178028153.png","contentUrl":"https:\/\/ateliers-nectoux.fr\/wp-content\/uploads\/2024\/04\/Table-07-Perspective-e1727178028153.png","width":700,"height":700,"caption":"table en \u00e9tain mis en valeur par cette bordure \u00e0 vagues"},{"@type":"BreadcrumbList","@id":"https:\/\/ateliers-nectoux.fr\/produit\/bordure-table-n07-5-cm#breadcrumb","itemListElement":[{"@type":"ListItem","position":1,"name":"Accueil","item":"https:\/\/ateliers-nectoux.fr\/"},{"@type":"ListItem","position":2,"name":"boutique","item":"https:\/\/ateliers-nectoux.fr\/les-ateliers-nectoux-boutique"},{"@type":"ListItem","position":3,"name":"Bordure de Table N\u00b007 (5 cm)"}]},{"@type":"WebSite","@id":"https:\/\/ateliers-nectoux.fr\/#website","url":"https:\/\/ateliers-nectoux.fr\/","name":"Ateliers Nectoux","description":"Comptoirs et bordures en \u00e9tain","publisher":{"@id":"https:\/\/ateliers-nectoux.fr\/#organization"},"potentialAction":[{"@type":"SearchAction","target":{"@type":"EntryPoint","urlTemplate":"https:\/\/ateliers-nectoux.fr\/?s={search_term_string}"},"query-input":{"@type":"PropertyValueSpecification","valueRequired":true,"valueName":"search_term_string"}}],"inLanguage":"en-US"},{"@type":"Organization","@id":"https:\/\/ateliers-nectoux.fr\/#organization","name":"Ateliers Nectoux","url":"https:\/\/ateliers-nectoux.fr\/","logo":{"@type":"ImageObject","inLanguage":"en-US","@id":"https:\/\/ateliers-nectoux.fr\/#\/schema\/logo\/image\/","url":"https:\/\/ateliers-nectoux.fr\/wp-content\/uploads\/2024\/03\/Fichier-1@3x.png","contentUrl":"https:\/\/ateliers-nectoux.fr\/wp-content\/uploads\/2024\/03\/Fichier-1@3x.png","width":1866,"height":377,"caption":"Ateliers Nectoux"},"image":{"@id":"https:\/\/ateliers-nectoux.fr\/#\/schema\/logo\/image\/"},"sameAs":["https:\/\/www.facebook.com\/ateliersnectoux\/","https:\/\/www.instagram.com\/ateliersnectoux\/","https:\/\/www.linkedin.com\/company\/ateliersnectoux\/"]}]}},"_links":{"self":[{"href":"https:\/\/ateliers-nectoux.fr\/en\/wp-json\/wp\/v2\/product\/2126","targetHints":{"allow":["GET"]}}],"collection":[{"href":"https:\/\/ateliers-nectoux.fr\/en\/wp-json\/wp\/v2\/product"}],"about":[{"href":"https:\/\/ateliers-nectoux.fr\/en\/wp-json\/wp\/v2\/types\/product"}],"version-history":[{"count":0,"href":"https:\/\/ateliers-nectoux.fr\/en\/wp-json\/wp\/v2\/product\/2126\/revisions"}],"wp:featuredmedia":[{"embeddable":true,"href":"https:\/\/ateliers-nectoux.fr\/en\/wp-json\/wp\/v2\/media\/6251"}],"wp:attachment":[{"href":"https:\/\/ateliers-nectoux.fr\/en\/wp-json\/wp\/v2\/media?parent=2126"}],"wp:term":[{"taxonomy":"product_brand","embeddable":true,"href":"https:\/\/ateliers-nectoux.fr\/en\/wp-json\/wp\/v2\/product_brand?post=2126"},{"taxonomy":"product_cat","embeddable":true,"href":"https:\/\/ateliers-nectoux.fr\/en\/wp-json\/wp\/v2\/product_cat?post=2126"},{"taxonomy":"product_tag","embeddable":true,"href":"https:\/\/ateliers-nectoux.fr\/en\/wp-json\/wp\/v2\/product_tag?post=2126"}],"curies":[{"name":"wp","href":"https:\/\/api.w.org\/{rel}","templated":true}]}}