{"id":698,"date":"2024-03-20T11:25:57","date_gmt":"2024-03-20T11:25:57","guid":{"rendered":"https:\/\/preprod.origin-creative.fr\/?post_type=product&#038;p=698"},"modified":"2025-06-26T15:07:34","modified_gmt":"2025-06-26T15:07:34","slug":"table-gueridon-n10","status":"publish","type":"product","link":"https:\/\/ateliers-nectoux.fr\/en\/product\/table-gueridon-n10","title":{"rendered":"Pedestal table N.10"},"content":{"rendered":"","protected":false},"excerpt":{"rendered":"<div>\n<p class=\"translation-block\"><strong>Reference<\/strong>: Pedestal Tables N\u00b010<br>\n<strong>Edge profile<\/strong>: Flat edge (35 mm)<\/p>\n<p><strong>Description<\/strong> :<\/p>\n<p>Pedestal N\u00b01: Diameter = 57 cm, Height = 48.5 cm<\/p>\n<\/div>\n<div class=\"gmail_default\">Pedestal N\u00b02: Diameter = 47 cm, Height = 43.5 cm<\/div>\n<div><\/div>\n<div>Gu\u00e9ridon no 3:\u00a0 Diam\u00e8tre = 37 cm, Hauteur = 38,5 cm<\/div>\n<div>\n<p class=\"translation-block\">Top in <strong>food-grade pewter<\/strong> with a 35 mm flat edge profile.<\/p>\n<\/div>\n<div>Pedestal sold separately or as a set.<\/div>","protected":false},"featured_media":699,"template":"","meta":{"_acf_changed":false,"site-sidebar-layout":"default","site-content-layout":"","ast-site-content-layout":"default","site-content-style":"default","site-sidebar-style":"default","ast-global-header-display":"","ast-banner-title-visibility":"","ast-main-header-display":"","ast-hfb-above-header-display":"","ast-hfb-below-header-display":"","ast-hfb-mobile-header-display":"","site-post-title":"","ast-breadcrumbs-content":"","ast-featured-img":"","footer-sml-layout":"","ast-disable-related-posts":"","theme-transparent-header-meta":"default","adv-header-id-meta":"","stick-header-meta":"","header-above-stick-meta":"","header-main-stick-meta":"","header-below-stick-meta":"","astra-migrate-meta-layouts":"set","ast-page-background-enabled":"default","ast-page-background-meta":{"desktop":{"background-color":"var(--ast-global-color-4)","background-image":"","background-repeat":"repeat","background-position":"center center","background-size":"auto","background-attachment":"scroll","background-type":"","background-media":"","overlay-type":"","overlay-color":"","overlay-opacity":"","overlay-gradient":""},"tablet":{"background-color":"","background-image":"","background-repeat":"repeat","background-position":"center center","background-size":"auto","background-attachment":"scroll","background-type":"","background-media":"","overlay-type":"","overlay-color":"","overlay-opacity":"","overlay-gradient":""},"mobile":{"background-color":"","background-image":"","background-repeat":"repeat","background-position":"center center","background-size":"auto","background-attachment":"scroll","background-type":"","background-media":"","overlay-type":"","overlay-color":"","overlay-opacity":"","overlay-gradient":""}},"ast-content-background-meta":{"desktop":{"background-color":"var(--ast-global-color-5)","background-image":"","background-repeat":"repeat","background-position":"center center","background-size":"auto","background-attachment":"scroll","background-type":"","background-media":"","overlay-type":"","overlay-color":"","overlay-opacity":"","overlay-gradient":""},"tablet":{"background-color":"var(--ast-global-color-5)","background-image":"","background-repeat":"repeat","background-position":"center center","background-size":"auto","background-attachment":"scroll","background-type":"","background-media":"","overlay-type":"","overlay-color":"","overlay-opacity":"","overlay-gradient":""},"mobile":{"background-color":"var(--ast-global-color-5)","background-image":"","background-repeat":"repeat","background-position":"center center","background-size":"auto","background-attachment":"scroll","background-type":"","background-media":"","overlay-type":"","overlay-color":"","overlay-opacity":"","overlay-gradient":""}}},"product_brand":[],"product_cat":[27,26],"product_tag":[],"class_list":{"0":"post-698","1":"product","2":"type-product","3":"status-publish","4":"has-post-thumbnail","6":"product_cat-tables","7":"product_cat-vendu","8":"desktop-align-left","9":"tablet-align-left","10":"mobile-align-left","12":"first","13":"instock","14":"shipping-taxable","15":"product-type-simple"},"acf":[],"yoast_head":"<!-- This site is optimized with the Yoast SEO plugin v27.3 - https:\/\/yoast.com\/product\/yoast-seo-wordpress\/ -->\n<title>Table gu\u00e9ridon N\u00b010 - Ateliers Nectoux<\/title>\n<meta name=\"description\" content=\"table gu\u00e9ridons avec un plateau rond en \u00e9tain que vous pouvez assembler ou d\u00e9pareiller. Une simple bordure en \u00e9tain orne chaque table basse pour donner un c\u00f4t\u00e9 moderne \u00e0 votre int\u00e9rieur\" \/>\n<meta name=\"robots\" content=\"index, follow, max-snippet:-1, max-image-preview:large, max-video-preview:-1\" \/>\n<link rel=\"canonical\" href=\"https:\/\/ateliers-nectoux.fr\/en\/product\/table-gueridon-n10\/\" \/>\n<meta property=\"og:locale\" content=\"en_US\" \/>\n<meta property=\"og:type\" content=\"article\" \/>\n<meta property=\"og:title\" content=\"Table gu\u00e9ridon N\u00b010 - Ateliers Nectoux\" \/>\n<meta property=\"og:description\" content=\"table gu\u00e9ridons avec un plateau rond en \u00e9tain que vous pouvez assembler ou d\u00e9pareiller. Une simple bordure en \u00e9tain orne chaque table basse pour donner un c\u00f4t\u00e9 moderne \u00e0 votre int\u00e9rieur\" \/>\n<meta property=\"og:url\" content=\"https:\/\/ateliers-nectoux.fr\/en\/product\/table-gueridon-n10\/\" \/>\n<meta property=\"og:site_name\" content=\"Ateliers Nectoux\" \/>\n<meta property=\"article:publisher\" content=\"https:\/\/www.facebook.com\/ateliersnectoux\/\" \/>\n<meta property=\"article:modified_time\" content=\"2025-06-26T15:07:34+00:00\" \/>\n<meta property=\"og:image\" content=\"https:\/\/ateliers-nectoux.fr\/wp-content\/uploads\/2024\/03\/Table-gueridon-N\u00b010-Image-1.jpg\" \/>\n\t<meta property=\"og:image:width\" content=\"960\" \/>\n\t<meta property=\"og:image:height\" content=\"1438\" \/>\n\t<meta property=\"og:image:type\" content=\"image\/jpeg\" \/>\n<meta name=\"twitter:card\" content=\"summary_large_image\" \/>\n<meta name=\"twitter:label1\" content=\"Est. reading time\" \/>\n\t<meta name=\"twitter:data1\" content=\"1 minute\" \/>\n<script type=\"application\/ld+json\" class=\"yoast-schema-graph\">{\"@context\":\"https:\\\/\\\/schema.org\",\"@graph\":[{\"@type\":\"WebPage\",\"@id\":\"https:\\\/\\\/ateliers-nectoux.fr\\\/produit\\\/table-gueridon-n10\",\"url\":\"https:\\\/\\\/ateliers-nectoux.fr\\\/produit\\\/table-gueridon-n10\",\"name\":\"Table gu\u00e9ridon N\u00b010 - Ateliers Nectoux\",\"isPartOf\":{\"@id\":\"https:\\\/\\\/ateliers-nectoux.fr\\\/#website\"},\"primaryImageOfPage\":{\"@id\":\"https:\\\/\\\/ateliers-nectoux.fr\\\/produit\\\/table-gueridon-n10#primaryimage\"},\"image\":{\"@id\":\"https:\\\/\\\/ateliers-nectoux.fr\\\/produit\\\/table-gueridon-n10#primaryimage\"},\"thumbnailUrl\":\"https:\\\/\\\/ateliers-nectoux.fr\\\/wp-content\\\/uploads\\\/2024\\\/03\\\/Table-gueridon-N\u00b010-Image-1.jpg\",\"datePublished\":\"2024-03-20T11:25:57+00:00\",\"dateModified\":\"2025-06-26T15:07:34+00:00\",\"description\":\"table gu\u00e9ridons avec un plateau rond en \u00e9tain que vous pouvez assembler ou d\u00e9pareiller. Une simple bordure en \u00e9tain orne chaque table basse pour donner un c\u00f4t\u00e9 moderne \u00e0 votre int\u00e9rieur\",\"breadcrumb\":{\"@id\":\"https:\\\/\\\/ateliers-nectoux.fr\\\/produit\\\/table-gueridon-n10#breadcrumb\"},\"inLanguage\":\"en-US\",\"potentialAction\":[{\"@type\":\"ReadAction\",\"target\":[\"https:\\\/\\\/ateliers-nectoux.fr\\\/produit\\\/table-gueridon-n10\"]}]},{\"@type\":\"ImageObject\",\"inLanguage\":\"en-US\",\"@id\":\"https:\\\/\\\/ateliers-nectoux.fr\\\/produit\\\/table-gueridon-n10#primaryimage\",\"url\":\"https:\\\/\\\/ateliers-nectoux.fr\\\/wp-content\\\/uploads\\\/2024\\\/03\\\/Table-gueridon-N\u00b010-Image-1.jpg\",\"contentUrl\":\"https:\\\/\\\/ateliers-nectoux.fr\\\/wp-content\\\/uploads\\\/2024\\\/03\\\/Table-gueridon-N\u00b010-Image-1.jpg\",\"width\":960,\"height\":1438,\"caption\":\"trois plateau en \u00e9tain\"},{\"@type\":\"BreadcrumbList\",\"@id\":\"https:\\\/\\\/ateliers-nectoux.fr\\\/produit\\\/table-gueridon-n10#breadcrumb\",\"itemListElement\":[{\"@type\":\"ListItem\",\"position\":1,\"name\":\"Accueil\",\"item\":\"https:\\\/\\\/ateliers-nectoux.fr\\\/\"},{\"@type\":\"ListItem\",\"position\":2,\"name\":\"boutique\",\"item\":\"https:\\\/\\\/ateliers-nectoux.fr\\\/les-ateliers-nectoux-boutique\"},{\"@type\":\"ListItem\",\"position\":3,\"name\":\"Table gu\u00e9ridon N\u00b010\"}]},{\"@type\":\"WebSite\",\"@id\":\"https:\\\/\\\/ateliers-nectoux.fr\\\/#website\",\"url\":\"https:\\\/\\\/ateliers-nectoux.fr\\\/\",\"name\":\"Ateliers Nectoux\",\"description\":\"Comptoirs et bordures en \u00e9tain\",\"publisher\":{\"@id\":\"https:\\\/\\\/ateliers-nectoux.fr\\\/#organization\"},\"potentialAction\":[{\"@type\":\"SearchAction\",\"target\":{\"@type\":\"EntryPoint\",\"urlTemplate\":\"https:\\\/\\\/ateliers-nectoux.fr\\\/?s={search_term_string}\"},\"query-input\":{\"@type\":\"PropertyValueSpecification\",\"valueRequired\":true,\"valueName\":\"search_term_string\"}}],\"inLanguage\":\"en-US\"},{\"@type\":\"Organization\",\"@id\":\"https:\\\/\\\/ateliers-nectoux.fr\\\/#organization\",\"name\":\"Ateliers Nectoux\",\"url\":\"https:\\\/\\\/ateliers-nectoux.fr\\\/\",\"logo\":{\"@type\":\"ImageObject\",\"inLanguage\":\"en-US\",\"@id\":\"https:\\\/\\\/ateliers-nectoux.fr\\\/#\\\/schema\\\/logo\\\/image\\\/\",\"url\":\"https:\\\/\\\/ateliers-nectoux.fr\\\/wp-content\\\/uploads\\\/2024\\\/03\\\/Fichier-1@3x.png\",\"contentUrl\":\"https:\\\/\\\/ateliers-nectoux.fr\\\/wp-content\\\/uploads\\\/2024\\\/03\\\/Fichier-1@3x.png\",\"width\":1866,\"height\":377,\"caption\":\"Ateliers Nectoux\"},\"image\":{\"@id\":\"https:\\\/\\\/ateliers-nectoux.fr\\\/#\\\/schema\\\/logo\\\/image\\\/\"},\"sameAs\":[\"https:\\\/\\\/www.facebook.com\\\/ateliersnectoux\\\/\",\"https:\\\/\\\/www.instagram.com\\\/ateliersnectoux\\\/\",\"https:\\\/\\\/www.linkedin.com\\\/company\\\/ateliersnectoux\\\/\"]}]}<\/script>\n<!-- \/ Yoast SEO plugin. -->","yoast_head_json":{"title":"Table gu\u00e9ridon N\u00b010 - Ateliers Nectoux","description":"table gu\u00e9ridons avec un plateau rond en \u00e9tain que vous pouvez assembler ou d\u00e9pareiller. Une simple bordure en \u00e9tain orne chaque table basse pour donner un c\u00f4t\u00e9 moderne \u00e0 votre int\u00e9rieur","robots":{"index":"index","follow":"follow","max-snippet":"max-snippet:-1","max-image-preview":"max-image-preview:large","max-video-preview":"max-video-preview:-1"},"canonical":"https:\/\/ateliers-nectoux.fr\/en\/product\/table-gueridon-n10\/","og_locale":"en_US","og_type":"article","og_title":"Table gu\u00e9ridon N\u00b010 - Ateliers Nectoux","og_description":"table gu\u00e9ridons avec un plateau rond en \u00e9tain que vous pouvez assembler ou d\u00e9pareiller. Une simple bordure en \u00e9tain orne chaque table basse pour donner un c\u00f4t\u00e9 moderne \u00e0 votre int\u00e9rieur","og_url":"https:\/\/ateliers-nectoux.fr\/en\/product\/table-gueridon-n10\/","og_site_name":"Ateliers Nectoux","article_publisher":"https:\/\/www.facebook.com\/ateliersnectoux\/","article_modified_time":"2025-06-26T15:07:34+00:00","og_image":[{"width":960,"height":1438,"url":"https:\/\/ateliers-nectoux.fr\/wp-content\/uploads\/2024\/03\/Table-gueridon-N\u00b010-Image-1.jpg","type":"image\/jpeg"}],"twitter_card":"summary_large_image","twitter_misc":{"Est. reading time":"1 minute"},"schema":{"@context":"https:\/\/schema.org","@graph":[{"@type":"WebPage","@id":"https:\/\/ateliers-nectoux.fr\/produit\/table-gueridon-n10","url":"https:\/\/ateliers-nectoux.fr\/produit\/table-gueridon-n10","name":"Table gu\u00e9ridon N\u00b010 - Ateliers Nectoux","isPartOf":{"@id":"https:\/\/ateliers-nectoux.fr\/#website"},"primaryImageOfPage":{"@id":"https:\/\/ateliers-nectoux.fr\/produit\/table-gueridon-n10#primaryimage"},"image":{"@id":"https:\/\/ateliers-nectoux.fr\/produit\/table-gueridon-n10#primaryimage"},"thumbnailUrl":"https:\/\/ateliers-nectoux.fr\/wp-content\/uploads\/2024\/03\/Table-gueridon-N\u00b010-Image-1.jpg","datePublished":"2024-03-20T11:25:57+00:00","dateModified":"2025-06-26T15:07:34+00:00","description":"table gu\u00e9ridons avec un plateau rond en \u00e9tain que vous pouvez assembler ou d\u00e9pareiller. Une simple bordure en \u00e9tain orne chaque table basse pour donner un c\u00f4t\u00e9 moderne \u00e0 votre int\u00e9rieur","breadcrumb":{"@id":"https:\/\/ateliers-nectoux.fr\/produit\/table-gueridon-n10#breadcrumb"},"inLanguage":"en-US","potentialAction":[{"@type":"ReadAction","target":["https:\/\/ateliers-nectoux.fr\/produit\/table-gueridon-n10"]}]},{"@type":"ImageObject","inLanguage":"en-US","@id":"https:\/\/ateliers-nectoux.fr\/produit\/table-gueridon-n10#primaryimage","url":"https:\/\/ateliers-nectoux.fr\/wp-content\/uploads\/2024\/03\/Table-gueridon-N\u00b010-Image-1.jpg","contentUrl":"https:\/\/ateliers-nectoux.fr\/wp-content\/uploads\/2024\/03\/Table-gueridon-N\u00b010-Image-1.jpg","width":960,"height":1438,"caption":"trois plateau en \u00e9tain"},{"@type":"BreadcrumbList","@id":"https:\/\/ateliers-nectoux.fr\/produit\/table-gueridon-n10#breadcrumb","itemListElement":[{"@type":"ListItem","position":1,"name":"Accueil","item":"https:\/\/ateliers-nectoux.fr\/"},{"@type":"ListItem","position":2,"name":"boutique","item":"https:\/\/ateliers-nectoux.fr\/les-ateliers-nectoux-boutique"},{"@type":"ListItem","position":3,"name":"Table gu\u00e9ridon N\u00b010"}]},{"@type":"WebSite","@id":"https:\/\/ateliers-nectoux.fr\/#website","url":"https:\/\/ateliers-nectoux.fr\/","name":"Ateliers Nectoux","description":"Comptoirs et bordures en \u00e9tain","publisher":{"@id":"https:\/\/ateliers-nectoux.fr\/#organization"},"potentialAction":[{"@type":"SearchAction","target":{"@type":"EntryPoint","urlTemplate":"https:\/\/ateliers-nectoux.fr\/?s={search_term_string}"},"query-input":{"@type":"PropertyValueSpecification","valueRequired":true,"valueName":"search_term_string"}}],"inLanguage":"en-US"},{"@type":"Organization","@id":"https:\/\/ateliers-nectoux.fr\/#organization","name":"Ateliers Nectoux","url":"https:\/\/ateliers-nectoux.fr\/","logo":{"@type":"ImageObject","inLanguage":"en-US","@id":"https:\/\/ateliers-nectoux.fr\/#\/schema\/logo\/image\/","url":"https:\/\/ateliers-nectoux.fr\/wp-content\/uploads\/2024\/03\/Fichier-1@3x.png","contentUrl":"https:\/\/ateliers-nectoux.fr\/wp-content\/uploads\/2024\/03\/Fichier-1@3x.png","width":1866,"height":377,"caption":"Ateliers Nectoux"},"image":{"@id":"https:\/\/ateliers-nectoux.fr\/#\/schema\/logo\/image\/"},"sameAs":["https:\/\/www.facebook.com\/ateliersnectoux\/","https:\/\/www.instagram.com\/ateliersnectoux\/","https:\/\/www.linkedin.com\/company\/ateliersnectoux\/"]}]}},"_links":{"self":[{"href":"https:\/\/ateliers-nectoux.fr\/en\/wp-json\/wp\/v2\/product\/698","targetHints":{"allow":["GET"]}}],"collection":[{"href":"https:\/\/ateliers-nectoux.fr\/en\/wp-json\/wp\/v2\/product"}],"about":[{"href":"https:\/\/ateliers-nectoux.fr\/en\/wp-json\/wp\/v2\/types\/product"}],"version-history":[{"count":0,"href":"https:\/\/ateliers-nectoux.fr\/en\/wp-json\/wp\/v2\/product\/698\/revisions"}],"wp:featuredmedia":[{"embeddable":true,"href":"https:\/\/ateliers-nectoux.fr\/en\/wp-json\/wp\/v2\/media\/699"}],"wp:attachment":[{"href":"https:\/\/ateliers-nectoux.fr\/en\/wp-json\/wp\/v2\/media?parent=698"}],"wp:term":[{"taxonomy":"product_brand","embeddable":true,"href":"https:\/\/ateliers-nectoux.fr\/en\/wp-json\/wp\/v2\/product_brand?post=698"},{"taxonomy":"product_cat","embeddable":true,"href":"https:\/\/ateliers-nectoux.fr\/en\/wp-json\/wp\/v2\/product_cat?post=698"},{"taxonomy":"product_tag","embeddable":true,"href":"https:\/\/ateliers-nectoux.fr\/en\/wp-json\/wp\/v2\/product_tag?post=698"}],"curies":[{"name":"wp","href":"https:\/\/api.w.org\/{rel}","templated":true}]}}